{"id":10767,"date":"2023-01-20T15:52:05","date_gmt":"2023-01-20T15:52:05","guid":{"rendered":"https:\/\/pureswissaesthetics.com\/pureswiss-press\/"},"modified":"2026-04-29T12:00:15","modified_gmt":"2026-04-29T12:00:15","slug":"pureswiss-press","status":"publish","type":"page","link":"https:\/\/pureswissaesthetics.com\/de\/pureswiss-press\/","title":{"rendered":"Pureswiss Press"},"content":{"rendered":"<section class=\"wpb-content-wrapper\"><p>[vc_row css_animation=&#8220;&#8220; row_type=&#8220;row&#8220; use_row_as_full_screen_section=&#8220;no&#8220; type=&#8220;full_width&#8220; angled_section=&#8220;no&#8220; text_align=&#8220;right&#8220; background_image_as_pattern=&#8220;without_pattern&#8220; z_index=&#8220;&#8220;][vc_column css_animation=&#8220;top-to-bottom&#8220;][vc_single_image image=&#8220;9943&#8243; img_size=&#8220;full&#8220; qode_css_animation=&#8220;&#8220;][\/vc_column][\/vc_row][vc_row css_animation=&#8220;&#8220; row_type=&#8220;row&#8220; use_row_as_full_screen_section=&#8220;no&#8220; type=&#8220;full_width&#8220; angled_section=&#8220;no&#8220; text_align=&#8220;right&#8220; background_image_as_pattern=&#8220;without_pattern&#8220; z_index=&#8220;&#8220; css=&#8220;.vc_custom_1776105461428{background-color: #ffffff !important;}&#8220;][vc_column css_animation=&#8220;top-to-bottom&#8220;][vc_single_image image=&#8220;10618&#8243; img_size=&#8220;full&#8220; qode_css_animation=&#8220;&#8220;][\/vc_column][\/vc_row][vc_row css_animation=&#8220;&#8220; row_type=&#8220;row&#8220; use_row_as_full_screen_section=&#8220;no&#8220; type=&#8220;grid&#8220; angled_section=&#8220;no&#8220; text_align=&#8220;right&#8220; background_image_as_pattern=&#8220;without_pattern&#8220; z_index=&#8220;&#8220; css=&#8220;.vc_custom_1776105376745{background-color: #ffffff !important;}&#8220;][vc_column css_animation=&#8220;top-to-bottom&#8220;][vc_column_text]<\/p>\n<div class=\"page\" title=\"Page 1\">\n<div class=\"section\">\n<div class=\"layoutArea\">\n<div class=\"column\">\n<p style=\"text-align: center;\">Wir bei Pure Swiss Aesthetics sind der Meinung, dass die Sch\u00f6nheits- und \u00c4sthetikpresse eine wesentliche Rolle bei der F\u00f6rderung des Wachstums, der Glaubw\u00fcrdigkeit und der Transparenz unserer Branche spielt. Vertrauensw\u00fcrdige Medienplattformen helfen dabei, Innovationen zu pr\u00e4sentieren, die neuesten Technologien und Behandlungen vorzustellen und Expertenwissen mit Fachleuten und Verbrauchern zu teilen.<\/p>\n<\/div>\n<\/div>\n<\/div>\n<\/div>\n<p>[\/vc_column_text][vc_empty_space height=&#8220;50px&#8220;][\/vc_column][\/vc_row][vc_row css_animation=&#8220;&#8220; row_type=&#8220;row&#8220; use_row_as_full_screen_section=&#8220;no&#8220; type=&#8220;grid&#8220; angled_section=&#8220;no&#8220; text_align=&#8220;center&#8220; background_image_as_pattern=&#8220;without_pattern&#8220; z_index=&#8220;&#8220; css=&#8220;.vc_custom_1776104758309{background-color: #ffffff !important;}&#8220;][vc_column width=&#8220;1\/4&#8243;][vc_single_image image=&#8220;9951&#8243; img_size=&#8220;full&#8220; alignment=&#8220;center&#8220; onclick=&#8220;custom_link&#8220; qode_css_animation=&#8220;&#8220; link=&#8220;https:\/\/pureswissaesthetics.com\/wp-content\/uploads\/2026\/04\/Press-Page-Grazia-Nilam-Holmes-BYONIK-JAN26.pdf&#8220;][vc_empty_space height=&#8220;20px&#8220;]<a  itemprop=\"url\" href=\"https:\/\/pureswissaesthetics.com\/wp-content\/uploads\/2026\/04\/Press-Page-Grazia-Nilam-Holmes-BYONIK-JAN26.pdf\" target=\"_self\"  class=\"qbutton  default\" style=\"\">KLICKEN ZUM ANSEHEN<\/a>[vc_empty_space height=&#8220;50px&#8220;][\/vc_column][vc_column width=&#8220;1\/4&#8243;][vc_single_image image=&#8220;9954&#8243; img_size=&#8220;full&#8220; alignment=&#8220;center&#8220; onclick=&#8220;custom_link&#8220; qode_css_animation=&#8220;&#8220; link=&#8220;https:\/\/pureswissaesthetics.com\/wp-content\/uploads\/2026\/04\/Press-Page-Journal-of-Regenerative-Aesthetic-Medicine-BYONIK-FEB26.pdf&#8220;][vc_empty_space height=&#8220;20px&#8220;]<a  itemprop=\"url\" href=\"https:\/\/pureswissaesthetics.com\/wp-content\/uploads\/2026\/04\/Press-Page-Journal-of-Regenerative-Aesthetic-Medicine-BYONIK-FEB26.pdf\" target=\"_self\"  class=\"qbutton  default\" style=\"\">KLICKEN ZUM ANSEHEN<\/a>[vc_empty_space height=&#8220;50px&#8220;][\/vc_column][vc_column width=&#8220;1\/4&#8243;][vc_single_image image=&#8220;9957&#8243; img_size=&#8220;full&#8220; alignment=&#8220;center&#8220; onclick=&#8220;custom_link&#8220; qode_css_animation=&#8220;&#8220; link=&#8220;https:\/\/pureswissaesthetics.com\/wp-content\/uploads\/2026\/04\/Press-Page-Hosted-Aesthetics-SLIMYONIK-MAY24.pdf&#8220;][vc_empty_space height=&#8220;20px&#8220;]<a  itemprop=\"url\" href=\"https:\/\/pureswissaesthetics.com\/wp-content\/uploads\/2026\/04\/Press-Page-Hosted-Aesthetics-SLIMYONIK-MAY24.pdf\" target=\"_self\"  class=\"qbutton  default\" style=\"\">KLICKEN ZUM ANSEHEN<\/a>[vc_empty_space height=&#8220;50px&#8220;][\/vc_column][vc_column width=&#8220;1\/4&#8243;][vc_single_image image=&#8220;9960&#8243; img_size=&#8220;full&#8220; alignment=&#8220;center&#8220; onclick=&#8220;custom_link&#8220; qode_css_animation=&#8220;&#8220; link=&#8220;https:\/\/pureswissaesthetics.com\/wp-content\/uploads\/2026\/04\/Press-Page-Stylist-BYONIK-APR24.pdf&#8220;][vc_empty_space height=&#8220;20px&#8220;]<a  itemprop=\"url\" href=\"https:\/\/pureswissaesthetics.com\/wp-content\/uploads\/2026\/04\/Press-Page-Stylist-BYONIK-APR24.pdf\" target=\"_self\"  class=\"qbutton  default\" style=\"\">KLICKEN ZUM ANSEHEN<\/a>[vc_empty_space height=&#8220;50px&#8220;][\/vc_column][\/vc_row][vc_row css_animation=&#8220;&#8220; row_type=&#8220;row&#8220; use_row_as_full_screen_section=&#8220;no&#8220; type=&#8220;grid&#8220; angled_section=&#8220;no&#8220; text_align=&#8220;center&#8220; background_image_as_pattern=&#8220;without_pattern&#8220; z_index=&#8220;&#8220; css=&#8220;.vc_custom_1776104766937{background-color: #ffffff !important;}&#8220;][vc_column width=&#8220;1\/4&#8243;][vc_single_image image=&#8220;9963&#8243; img_size=&#8220;full&#8220; alignment=&#8220;center&#8220; onclick=&#8220;custom_link&#8220; qode_css_animation=&#8220;&#8220; link=&#8220;https:\/\/pureswissaesthetics.com\/wp-content\/uploads\/2026\/04\/Press-Page-Tweakments-Guide-SLIMYONIK-APR24.pdf&#8220;][vc_empty_space height=&#8220;20px&#8220;]<a  itemprop=\"url\" href=\"https:\/\/pureswissaesthetics.com\/wp-content\/uploads\/2026\/04\/Press-Page-Tweakments-Guide-SLIMYONIK-APR24.pdf\" target=\"_self\"  class=\"qbutton  default\" style=\"\">KLICKEN ZUM ANSEHEN<\/a>[vc_empty_space height=&#8220;50px&#8220;][\/vc_column][vc_column width=&#8220;1\/4&#8243;][vc_single_image image=&#8220;9966&#8243; img_size=&#8220;full&#8220; alignment=&#8220;center&#8220; onclick=&#8220;custom_link&#8220; qode_css_animation=&#8220;&#8220; link=&#8220;https:\/\/pureswissaesthetics.com\/wp-content\/uploads\/2026\/04\/Press-Page-Consulting-Room-BYONIK-SLIMYONIK-JUL24.pdf&#8220;][vc_empty_space height=&#8220;20px&#8220;]<a  itemprop=\"url\" href=\"https:\/\/pureswissaesthetics.com\/wp-content\/uploads\/2026\/04\/Press-Page-Consulting-Room-BYONIK-SLIMYONIK-JUL24.pdf\" target=\"_self\"  class=\"qbutton  default\" style=\"\">KLICKEN ZUM ANSEHEN<\/a>[vc_empty_space height=&#8220;50px&#8220;][\/vc_column][vc_column width=&#8220;1\/4&#8243;][vc_single_image image=&#8220;9969&#8243; img_size=&#8220;full&#8220; alignment=&#8220;center&#8220; onclick=&#8220;custom_link&#8220; qode_css_animation=&#8220;&#8220; link=&#8220;https:\/\/pureswissaesthetics.com\/wp-content\/uploads\/2026\/04\/Press-Page-Safety-In-Beauty-SLIMYONIK-OCT24.pdf&#8220;][vc_empty_space height=&#8220;20px&#8220;]<a  itemprop=\"url\" href=\"https:\/\/pureswissaesthetics.com\/wp-content\/uploads\/2026\/04\/Press-Page-Safety-In-Beauty-SLIMYONIK-OCT24.pdf\" target=\"_self\"  class=\"qbutton  default\" style=\"\">KLICKEN ZUM ANSEHEN<\/a>[vc_empty_space height=&#8220;50px&#8220;][\/vc_column][vc_column width=&#8220;1\/4&#8243;][vc_single_image image=&#8220;9972&#8243; img_size=&#8220;full&#8220; alignment=&#8220;center&#8220; onclick=&#8220;custom_link&#8220; qode_css_animation=&#8220;&#8220; link=&#8220;https:\/\/pureswissaesthetics.com\/wp-content\/uploads\/2026\/04\/Press-Page-Tweakments-Guide-BYONIK-DEC24.pdf&#8220;][vc_empty_space height=&#8220;20px&#8220;]<a  itemprop=\"url\" href=\"https:\/\/pureswissaesthetics.com\/wp-content\/uploads\/2026\/04\/Press-Page-Tweakments-Guide-BYONIK-DEC24.pdf\" target=\"_self\"  class=\"qbutton  default\" style=\"\">KLICKEN ZUM ANSEHEN<\/a>[vc_empty_space height=&#8220;50px&#8220;][\/vc_column][\/vc_row][vc_row css_animation=&#8220;&#8220; row_type=&#8220;row&#8220; use_row_as_full_screen_section=&#8220;no&#8220; type=&#8220;grid&#8220; angled_section=&#8220;no&#8220; text_align=&#8220;center&#8220; background_image_as_pattern=&#8220;without_pattern&#8220; z_index=&#8220;&#8220; css=&#8220;.vc_custom_1776104775324{background-color: #ffffff !important;}&#8220;][vc_column width=&#8220;1\/4&#8243;][vc_single_image image=&#8220;9975&#8243; img_size=&#8220;full&#8220; alignment=&#8220;center&#8220; onclick=&#8220;custom_link&#8220; qode_css_animation=&#8220;&#8220; link=&#8220;https:\/\/pureswissaesthetics.com\/wp-content\/uploads\/2026\/04\/Press-Page-Forbes-BYONIK-DEC23.pdf&#8220;][vc_empty_space height=&#8220;20px&#8220;]<a  itemprop=\"url\" href=\"https:\/\/pureswissaesthetics.com\/wp-content\/uploads\/2026\/04\/Press-Page-Forbes-BYONIK-DEC23.pdf\" target=\"_self\"  class=\"qbutton  default\" style=\"\">KLICKEN ZUM ANSEHEN<\/a>[vc_empty_space height=&#8220;50px&#8220;][\/vc_column][vc_column width=&#8220;1\/4&#8243;][vc_single_image image=&#8220;9978&#8243; img_size=&#8220;full&#8220; alignment=&#8220;center&#8220; onclick=&#8220;custom_link&#8220; qode_css_animation=&#8220;&#8220; link=&#8220;https:\/\/pureswissaesthetics.com\/wp-content\/uploads\/2026\/04\/Press-Page-Harpers-Bazaar-SLIMYONIK-NOV23.pdf&#8220;][vc_empty_space height=&#8220;20px&#8220;]<a  itemprop=\"url\" href=\"https:\/\/pureswissaesthetics.com\/wp-content\/uploads\/2026\/04\/Press-Page-Harpers-Bazaar-SLIMYONIK-NOV23.pdf\" target=\"_self\"  class=\"qbutton  default\" style=\"\">KLICKEN ZUM ANSEHEN<\/a>[vc_empty_space height=&#8220;50px&#8220;][\/vc_column][vc_column width=&#8220;1\/4&#8243;][vc_single_image image=&#8220;9981&#8243; img_size=&#8220;full&#8220; alignment=&#8220;center&#8220; onclick=&#8220;custom_link&#8220; qode_css_animation=&#8220;&#8220; link=&#8220;https:\/\/pureswissaesthetics.com\/wp-content\/uploads\/2026\/04\/Press-Page-British-Vogue-SLIMYONIK-SEP23.pdf&#8220;][vc_empty_space height=&#8220;20px&#8220;]<a  itemprop=\"url\" href=\"https:\/\/pureswissaesthetics.com\/wp-content\/uploads\/2026\/04\/Press-Page-British-Vogue-SLIMYONIK-SEP23.pdf\" target=\"_self\"  class=\"qbutton  default\" style=\"\">KLICKEN ZUM ANSEHEN<\/a>[vc_empty_space height=&#8220;50px&#8220;][\/vc_column][vc_column width=&#8220;1\/4&#8243;][vc_single_image image=&#8220;9984&#8243; img_size=&#8220;full&#8220; alignment=&#8220;center&#8220; onclick=&#8220;custom_link&#8220; qode_css_animation=&#8220;&#8220; link=&#8220;https:\/\/pureswissaesthetics.com\/wp-content\/uploads\/2026\/04\/Press-Page-Aesthetic-Medicine-BYONIK-JUN23.pdf&#8220;][vc_empty_space height=&#8220;20px&#8220;]<a  itemprop=\"url\" href=\"https:\/\/pureswissaesthetics.com\/wp-content\/uploads\/2026\/04\/Press-Page-Aesthetic-Medicine-BYONIK-JUN23.pdf\" target=\"_self\"  class=\"qbutton  default\" style=\"\">KLICKEN ZUM ANSEHEN<\/a>[vc_empty_space height=&#8220;50px&#8220;][\/vc_column][\/vc_row]<\/p>\n<\/section>","protected":false},"excerpt":{"rendered":"<p>[vc_row css_animation=&#8220;&#8220; row_type=&#8220;row&#8220; use_row_as_full_screen_section=&#8220;no&#8220; type=&#8220;full_width&#8220; angled_section=&#8220;no&#8220; text_align=&#8220;right&#8220; background_image_as_pattern=&#8220;without_pattern&#8220; z_index=&#8220;&#8220;][vc_column css_animation=&#8220;top-to-bottom&#8220;][vc_single_image image=&#8220;9943&#8243; img_size=&#8220;full&#8220; qode_css_animation=&#8220;&#8220;][\/vc_column][\/vc_row][vc_row css_animation=&#8220;&#8220; row_type=&#8220;row&#8220; use_row_as_full_screen_section=&#8220;no&#8220; type=&#8220;full_width&#8220; angled_section=&#8220;no&#8220; text_align=&#8220;right&#8220; background_image_as_pattern=&#8220;without_pattern&#8220; z_index=&#8220;&#8220; css=&#8220;.vc_custom_1776105461428{background-color: #ffffff !important;}&#8220;][vc_column css_animation=&#8220;top-to-bottom&#8220;][vc_single_image image=&#8220;10618&#8243; img_size=&#8220;full&#8220; qode_css_animation=&#8220;&#8220;][\/vc_column][\/vc_row][vc_row css_animation=&#8220;&#8220; row_type=&#8220;row&#8220; use_row_as_full_screen_section=&#8220;no&#8220; type=&#8220;grid&#8220; angled_section=&#8220;no&#8220; text_align=&#8220;right&#8220; background_image_as_pattern=&#8220;without_pattern&#8220; z_index=&#8220;&#8220; css=&#8220;.vc_custom_1776105376745{background-color: #ffffff !important;}&#8220;][vc_column css_animation=&#8220;top-to-bottom&#8220;][vc_column_text] Wir bei Pure Swiss Aesthetics&#8230;<\/p>\n","protected":false},"author":1,"featured_media":0,"parent":0,"menu_order":0,"comment_status":"closed","ping_status":"closed","template":"full_width.php","meta":{"footnotes":""},"class_list":["post-10767","page","type-page","status-publish","hentry"],"yoast_head":"<!-- This site is optimized with the Yoast SEO plugin v27.6 - https:\/\/yoast.com\/product\/yoast-seo-wordpress\/ -->\n<title>Pureswiss Press - Pure Swiss Aesthetics<\/title>\n<meta name=\"robots\" content=\"noindex, follow, max-snippet:-1, max-image-preview:large, max-video-preview:-1\" \/>\n<meta property=\"og:locale\" content=\"de_DE\" \/>\n<meta property=\"og:type\" content=\"article\" \/>\n<meta property=\"og:title\" content=\"Pureswiss Press - Pure Swiss Aesthetics\" \/>\n<meta property=\"og:description\" content=\"[vc_row css_animation=&#8220;&#8220; row_type=&#8220;row&#8220; use_row_as_full_screen_section=&#8220;no&#8220; type=&#8220;full_width&#8220; angled_section=&#8220;no&#8220; text_align=&#8220;right&#8220; background_image_as_pattern=&#8220;without_pattern&#8220; z_index=&#8220;&#8220;][vc_column css_animation=&#8220;top-to-bottom&#8220;][vc_single_image image=&#8220;9943&#8243; img_size=&#8220;full&#8220; qode_css_animation=&#8220;&#8220;][\/vc_column][\/vc_row][vc_row css_animation=&#8220;&#8220; row_type=&#8220;row&#8220; use_row_as_full_screen_section=&#8220;no&#8220; type=&#8220;full_width&#8220; angled_section=&#8220;no&#8220; text_align=&#8220;right&#8220; background_image_as_pattern=&#8220;without_pattern&#8220; z_index=&#8220;&#8220; css=&#8220;.vc_custom_1776105461428{background-color: #ffffff !important;}&#8220;][vc_column css_animation=&#8220;top-to-bottom&#8220;][vc_single_image image=&#8220;10618&#8243; img_size=&#8220;full&#8220; qode_css_animation=&#8220;&#8220;][\/vc_column][\/vc_row][vc_row css_animation=&#8220;&#8220; row_type=&#8220;row&#8220; use_row_as_full_screen_section=&#8220;no&#8220; type=&#8220;grid&#8220; angled_section=&#8220;no&#8220; text_align=&#8220;right&#8220; background_image_as_pattern=&#8220;without_pattern&#8220; z_index=&#8220;&#8220; css=&#8220;.vc_custom_1776105376745{background-color: #ffffff !important;}&#8220;][vc_column css_animation=&#8220;top-to-bottom&#8220;][vc_column_text] Wir bei Pure Swiss Aesthetics...\" \/>\n<meta property=\"og:url\" content=\"https:\/\/pureswissaesthetics.com\/pureswiss-press\/\" \/>\n<meta property=\"og:site_name\" content=\"Pure Swiss Aesthetics\" \/>\n<meta property=\"article:modified_time\" content=\"2026-04-29T12:00:15+00:00\" \/>\n<meta name=\"twitter:card\" content=\"summary_large_image\" \/>\n<meta name=\"twitter:label1\" content=\"Gesch\u00e4tzte Lesezeit\" \/>\n\t<meta name=\"twitter:data1\" content=\"5\u00a0Minuten\" \/>\n<script type=\"application\/ld+json\" class=\"yoast-schema-graph\">{\"@context\":\"https:\\\/\\\/schema.org\",\"@graph\":[{\"@type\":\"WebPage\",\"@id\":\"https:\\\/\\\/pureswissaesthetics.com\\\/pureswiss-press\\\/\",\"url\":\"https:\\\/\\\/pureswissaesthetics.com\\\/pureswiss-press\\\/\",\"name\":\"Pureswiss Press - Pure Swiss Aesthetics\",\"isPartOf\":{\"@id\":\"https:\\\/\\\/pureswissaesthetics.com\\\/de\\\/#website\"},\"datePublished\":\"2023-01-20T15:52:05+00:00\",\"dateModified\":\"2026-04-29T12:00:15+00:00\",\"breadcrumb\":{\"@id\":\"https:\\\/\\\/pureswissaesthetics.com\\\/pureswiss-press\\\/#breadcrumb\"},\"inLanguage\":\"de\",\"potentialAction\":[{\"@type\":\"ReadAction\",\"target\":[\"https:\\\/\\\/pureswissaesthetics.com\\\/pureswiss-press\\\/\"]}]},{\"@type\":\"BreadcrumbList\",\"@id\":\"https:\\\/\\\/pureswissaesthetics.com\\\/pureswiss-press\\\/#breadcrumb\",\"itemListElement\":[{\"@type\":\"ListItem\",\"position\":1,\"name\":\"Home\",\"item\":\"https:\\\/\\\/pureswissaesthetics.com\\\/de\\\/\"},{\"@type\":\"ListItem\",\"position\":2,\"name\":\"Pureswiss Press\"}]},{\"@type\":\"WebSite\",\"@id\":\"https:\\\/\\\/pureswissaesthetics.com\\\/de\\\/#website\",\"url\":\"https:\\\/\\\/pureswissaesthetics.com\\\/de\\\/\",\"name\":\"Pure Swiss Aesthetics\",\"description\":\"\",\"potentialAction\":[{\"@type\":\"SearchAction\",\"target\":{\"@type\":\"EntryPoint\",\"urlTemplate\":\"https:\\\/\\\/pureswissaesthetics.com\\\/de\\\/?s={search_term_string}\"},\"query-input\":{\"@type\":\"PropertyValueSpecification\",\"valueRequired\":true,\"valueName\":\"search_term_string\"}}],\"inLanguage\":\"de\"}]}<\/script>\n<!-- \/ Yoast SEO plugin. -->","yoast_head_json":{"title":"Pureswiss Press - Pure Swiss Aesthetics","robots":{"index":"noindex","follow":"follow","max-snippet":"max-snippet:-1","max-image-preview":"max-image-preview:large","max-video-preview":"max-video-preview:-1"},"og_locale":"de_DE","og_type":"article","og_title":"Pureswiss Press - Pure Swiss Aesthetics","og_description":"[vc_row css_animation=&#8220;&#8220; row_type=&#8220;row&#8220; use_row_as_full_screen_section=&#8220;no&#8220; type=&#8220;full_width&#8220; angled_section=&#8220;no&#8220; text_align=&#8220;right&#8220; background_image_as_pattern=&#8220;without_pattern&#8220; z_index=&#8220;&#8220;][vc_column css_animation=&#8220;top-to-bottom&#8220;][vc_single_image image=&#8220;9943&#8243; img_size=&#8220;full&#8220; qode_css_animation=&#8220;&#8220;][\/vc_column][\/vc_row][vc_row css_animation=&#8220;&#8220; row_type=&#8220;row&#8220; use_row_as_full_screen_section=&#8220;no&#8220; type=&#8220;full_width&#8220; angled_section=&#8220;no&#8220; text_align=&#8220;right&#8220; background_image_as_pattern=&#8220;without_pattern&#8220; z_index=&#8220;&#8220; css=&#8220;.vc_custom_1776105461428{background-color: #ffffff !important;}&#8220;][vc_column css_animation=&#8220;top-to-bottom&#8220;][vc_single_image image=&#8220;10618&#8243; img_size=&#8220;full&#8220; qode_css_animation=&#8220;&#8220;][\/vc_column][\/vc_row][vc_row css_animation=&#8220;&#8220; row_type=&#8220;row&#8220; use_row_as_full_screen_section=&#8220;no&#8220; type=&#8220;grid&#8220; angled_section=&#8220;no&#8220; text_align=&#8220;right&#8220; background_image_as_pattern=&#8220;without_pattern&#8220; z_index=&#8220;&#8220; css=&#8220;.vc_custom_1776105376745{background-color: #ffffff !important;}&#8220;][vc_column css_animation=&#8220;top-to-bottom&#8220;][vc_column_text] Wir bei Pure Swiss Aesthetics...","og_url":"https:\/\/pureswissaesthetics.com\/pureswiss-press\/","og_site_name":"Pure Swiss Aesthetics","article_modified_time":"2026-04-29T12:00:15+00:00","twitter_card":"summary_large_image","twitter_misc":{"Gesch\u00e4tzte Lesezeit":"5\u00a0Minuten"},"schema":{"@context":"https:\/\/schema.org","@graph":[{"@type":"WebPage","@id":"https:\/\/pureswissaesthetics.com\/pureswiss-press\/","url":"https:\/\/pureswissaesthetics.com\/pureswiss-press\/","name":"Pureswiss Press - Pure Swiss Aesthetics","isPartOf":{"@id":"https:\/\/pureswissaesthetics.com\/de\/#website"},"datePublished":"2023-01-20T15:52:05+00:00","dateModified":"2026-04-29T12:00:15+00:00","breadcrumb":{"@id":"https:\/\/pureswissaesthetics.com\/pureswiss-press\/#breadcrumb"},"inLanguage":"de","potentialAction":[{"@type":"ReadAction","target":["https:\/\/pureswissaesthetics.com\/pureswiss-press\/"]}]},{"@type":"BreadcrumbList","@id":"https:\/\/pureswissaesthetics.com\/pureswiss-press\/#breadcrumb","itemListElement":[{"@type":"ListItem","position":1,"name":"Home","item":"https:\/\/pureswissaesthetics.com\/de\/"},{"@type":"ListItem","position":2,"name":"Pureswiss Press"}]},{"@type":"WebSite","@id":"https:\/\/pureswissaesthetics.com\/de\/#website","url":"https:\/\/pureswissaesthetics.com\/de\/","name":"Pure Swiss Aesthetics","description":"","potentialAction":[{"@type":"SearchAction","target":{"@type":"EntryPoint","urlTemplate":"https:\/\/pureswissaesthetics.com\/de\/?s={search_term_string}"},"query-input":{"@type":"PropertyValueSpecification","valueRequired":true,"valueName":"search_term_string"}}],"inLanguage":"de"}]}},"_links":{"self":[{"href":"https:\/\/pureswissaesthetics.com\/de\/wp-json\/wp\/v2\/pages\/10767","targetHints":{"allow":["GET"]}}],"collection":[{"href":"https:\/\/pureswissaesthetics.com\/de\/wp-json\/wp\/v2\/pages"}],"about":[{"href":"https:\/\/pureswissaesthetics.com\/de\/wp-json\/wp\/v2\/types\/page"}],"author":[{"embeddable":true,"href":"https:\/\/pureswissaesthetics.com\/de\/wp-json\/wp\/v2\/users\/1"}],"replies":[{"embeddable":true,"href":"https:\/\/pureswissaesthetics.com\/de\/wp-json\/wp\/v2\/comments?post=10767"}],"version-history":[{"count":4,"href":"https:\/\/pureswissaesthetics.com\/de\/wp-json\/wp\/v2\/pages\/10767\/revisions"}],"predecessor-version":[{"id":11108,"href":"https:\/\/pureswissaesthetics.com\/de\/wp-json\/wp\/v2\/pages\/10767\/revisions\/11108"}],"wp:attachment":[{"href":"https:\/\/pureswissaesthetics.com\/de\/wp-json\/wp\/v2\/media?parent=10767"}],"curies":[{"name":"wp","href":"https:\/\/api.w.org\/{rel}","templated":true}]}}