{"id":7414,"date":"2023-01-20T15:51:03","date_gmt":"2023-01-20T15:51:03","guid":{"rendered":"https:\/\/pureswissaesthetics.com\/home\/"},"modified":"2025-09-30T15:13:18","modified_gmt":"2025-09-30T15:13:18","slug":"home","status":"publish","type":"page","link":"https:\/\/pureswissaesthetics.com\/de\/","title":{"rendered":"Home"},"content":{"rendered":"<section class=\"wpb-content-wrapper\"><p>[vc_row css_animation=&#8220;&#8220; row_type=&#8220;row&#8220; use_row_as_full_screen_section=&#8220;no&#8220; type=&#8220;full_width&#8220; angled_section=&#8220;no&#8220; text_align=&#8220;left&#8220; background_image_as_pattern=&#8220;without_pattern&#8220;][vc_column][vc_single_image image=&#8220;6832&#8243; img_size=&#8220;full&#8220; qode_css_animation=&#8220;&#8220;][\/vc_column][\/vc_row][vc_row css_animation=&#8220;&#8220; row_type=&#8220;row&#8220; use_row_as_full_screen_section=&#8220;no&#8220; type=&#8220;grid&#8220; angled_section=&#8220;no&#8220; text_align=&#8220;left&#8220; background_image_as_pattern=&#8220;without_pattern&#8220; css=&#8220;.vc_custom_1678822078787{background-color: #ffffff !important;}&#8220; z_index=&#8220;&#8220;][vc_column][vc_empty_space height=&#8220;50px&#8220;][vc_column_text]Pure Swiss Aesthetics Ltd ist der offizielle und exklusive Vertriebspartner in Grossbritannien, Irland und der Schweiz f\u00fcr den BYONIK\u00ae Pulse Triggered Laser und den SLIMYONIK\u00ae Air Bodystyler. Als Pioniere der Branche war es schon immer das Herzst\u00fcck des Unternehmens, innovative L\u00f6sungen f\u00fcr optimale Hautgesundheit und langfristiges gesundes Altern zu vertreten. Unser Portfolio innovativer und effektiver hybrider, evidenzbasierter Systeme bietet Ihnen das perfekte Portfolio f\u00fcr alle Ihre klinischen Bed\u00fcrfnisse, um sicherzustellen, dass Sie mit den besten L\u00f6sungen f\u00fcr die Zukunft der regenerativen und optimalen gesunden Zellalterung arbeiten.[\/vc_column_text][vc_empty_space height=&#8220;25px&#8220;][vc_column_text]Erfahren Sie, wie die neuesten energiebasierten Ger\u00e4te der Branche und aufkommende Trends dazu beitragen werden, Ihr Gesch\u00e4ft weiterzuentwickeln, zu st\u00e4rken und zukunftssicher zu machen.[\/vc_column_text][vc_empty_space height=&#8220;50px&#8220;][\/vc_column][\/vc_row][vc_row css_animation=&#8220;&#8220; row_type=&#8220;row&#8220; use_row_as_full_screen_section=&#8220;no&#8220; type=&#8220;grid&#8220; angled_section=&#8220;no&#8220; text_align=&#8220;left&#8220; background_image_as_pattern=&#8220;without_pattern&#8220; z_index=&#8220;&#8220; css=&#8220;.vc_custom_1674324927227{background-color: #ffffff !important;}&#8220;][vc_column width=&#8220;1\/3&#8243;][vc_single_image image=&#8220;9036&#8243; img_size=&#8220;full&#8220; qode_css_animation=&#8220;&#8220;][\/vc_column][vc_column width=&#8220;2\/3&#8243;][vc_empty_space height=&#8220;15px&#8220;][vc_column_text]<\/p>\n<h3 class=\"pureswiss-home\"><span style=\"color: #000000;\">pure<\/span>swiss<\/h3>\n<h2 class=\"about-block-name\">BYONIK\u00ae PTL Laser<\/h2>\n<h5>Wie im <a href=\"https:\/\/pureswissaesthetics.com\/tweakments-guide\/\">Tweakments Guide<\/a> zu sehensehen<\/h5>\n<div class=\"about-block-info-text\">\n<p>Der BYONIK\u00ae Pulse Triggered Laser ist das weltweit einzigartige, evidenzbasierte Low Level Pulse-Triggered Laser System, das sich an Ihrem Puls orientiert. Er nutzt eine Trilogie-Methode zur Aktivierung, Heilung und Reparatur auf zellul\u00e4rer Ebene. BYONIK\u00ae ist ein neuer Weg im Bereich des gesunden Alterns und bietet Ihnen eine gezielte L\u00f6sung f\u00fcr eine regenerative Hautgesundheit. Mit der patentierten pulsgesteuerten Laseremissionstechnologie f\u00fcr direkte Photo-Biomodulation auf zellul\u00e4rer Ebene und der Emission von zwei Wellenl\u00e4ngen f\u00fcr maximale Ergebnisse f\u00fcr einen personalisierten Bio-Hacking-Fokus. Diese umfassende Methode bietet die ultimative Heilung, Reparatur, Reduzierung von Entz\u00fcndungen und Remodellierung der Haut mit 3D-Zellschutz und erh\u00f6hter Wasserspeicherung auf zellul\u00e4rer Ebene.<\/p>\n<p>Diese preisgekr\u00f6nte Goldstandard-Trilogie aus Laser, Puls, Hyalurons\u00e4ure und Antioxidantien ist eine weltweit anerkannte Methode, die bereits mehrere Universit\u00e4ten und Forschungsinstitute weltweit \u00fcberzeugt hat und Ihre Haut wirklich in die Vergangenheit zur\u00fcckversetzen kann. BYONIK\u00ae liefert transformative, ma\u00dfgeschneiderte, schmerzfreie, sichtbare und sofortige Ergebnisse, um der Haut ihr Gleichgewicht, ihr Volumen, ihre Festigkeit und ihren Feuchtigkeitsgehalt zur\u00fcckzugeben.<\/p>\n<\/div>\n<p>[\/vc_column_text][vc_empty_space height=&#8220;15px&#8220;]<a  itemprop=\"url\" href=\"mailto:info@pureswissaesthetics.co.uk?subject=Ich m\u00f6chte eine Vorf\u00fchrung vereinbaren\" target=\"_self\"  class=\"qbutton  default\" style=\"\">Vereinbaren Sie eine Vorf\u00fchrung<\/a>[\/vc_column][\/vc_row][vc_row css_animation=&#8220;&#8220; row_type=&#8220;row&#8220; use_row_as_full_screen_section=&#8220;no&#8220; type=&#8220;full_width&#8220; angled_section=&#8220;no&#8220; text_align=&#8220;left&#8220; background_image_as_pattern=&#8220;without_pattern&#8220; css=&#8220;.vc_custom_1674324941845{background-color: #ffffff !important;}&#8220; z_index=&#8220;&#8220;][vc_column][vc_empty_space height=&#8220;75px&#8220;][\/vc_column][\/vc_row][vc_row css_animation=&#8220;&#8220; row_type=&#8220;row&#8220; use_row_as_full_screen_section=&#8220;no&#8220; type=&#8220;grid&#8220; angled_section=&#8220;no&#8220; text_align=&#8220;right&#8220; background_image_as_pattern=&#8220;without_pattern&#8220; z_index=&#8220;&#8220; css=&#8220;.vc_custom_1674324949572{background-color: #ffffff !important;}&#8220;][vc_column width=&#8220;2\/3&#8243;][vc_empty_space height=&#8220;15px&#8220;][vc_column_text]<\/p>\n<h3 class=\"pureswiss-home\"><span style=\"color: #000000;\">pure<\/span>swiss<\/h3>\n<h2 class=\"about-block-name\">SLIMYONIK\u00ae AIR BODYSTYLER<\/h2>\n<h5 class=\"about-block-name\">Zu sehen im <a href=\"https:\/\/pureswissaesthetics.com\/tweakments-guide\/\">Tweakments Guide<\/a> und in der <a href=\"https:\/\/pureswissaesthetics.com\/itv-morning-show-slimyonik\/\">ITV Morning Show<\/a> (nationaler Fernsehsender in Grossbritannien)<\/h5>\n<div class=\"about-block-info-text\">\n<p>SLIMYONIK\u00ae AIR Bodystyler ist die f\u00fchrende und fortschrittlichste Technologie f\u00fcr 360\u00b0 regenerative und pr\u00e4ventive Wellness. Der Schwerpunkt liegt auf der Ankurbelung Ihres Stoffwechsels und Ihrer lymphatischen Immunit\u00e4t durch verschiedene Programme mit massgeschneiderter pneumatischer Drucktherapiemassage in Kombination mit der Inhalation von mit Sauerstoff angereicherter Umgebungsluft, um Ihr Lymphsystem sanft zu aktivieren, die Entgiftung zu unterst\u00fctzen und Ihre allgemeine Gesundheit und Ihr Wohlbefinden zu steigern. Der SLIMYONIK\u00ae AIR | Bodystyler bietet die perfekte Harmonie und ist die ideale L\u00f6sung zur Unterst\u00fctzung der systemischen Reduzierung und Vorbeugung von entz\u00fcndlichen Hauterkrankungen wie Akne und Rosacea, indem er die Symptome und die bekannten Nebenwirkungen reduziert und ausgleicht.<\/p>\n<p>Die ideale Erg\u00e4nzung Ihres Behandlungsportfolios, mit der Sie die Erfahrung und die Ergebnisse Ihrer Patienten verbessern und gleichzeitig zus\u00e4tzliche Einnahmen und Exklusivit\u00e4t f\u00fcr Ihre Klinik erzielen k\u00f6nnen.<\/p>\n<\/div>\n<p>[\/vc_column_text][vc_empty_space height=&#8220;15px&#8220;]<a  itemprop=\"url\" href=\"mailto:info@pureswissaesthetics.co.uk?subject=Ich m\u00f6chte eine Vorf\u00fchrung vereinbaren\" target=\"_self\"  class=\"qbutton  default\" style=\"\">Vereinbaren Sie eine Vorf\u00fchrung<\/a>[\/vc_column][vc_column width=&#8220;1\/3&#8243;][vc_single_image image=&#8220;6843&#8243; img_size=&#8220;full&#8220; qode_css_animation=&#8220;&#8220;][\/vc_column][\/vc_row][vc_row css_animation=&#8220;&#8220; row_type=&#8220;row&#8220; use_row_as_full_screen_section=&#8220;no&#8220; type=&#8220;full_width&#8220; angled_section=&#8220;no&#8220; text_align=&#8220;left&#8220; background_image_as_pattern=&#8220;without_pattern&#8220; css=&#8220;.vc_custom_1674324964151{background-color: #ffffff !important;}&#8220; z_index=&#8220;&#8220;][vc_column][vc_empty_space height=&#8220;75px&#8220;][\/vc_column][\/vc_row][vc_row css_animation=&#8220;&#8220; row_type=&#8220;row&#8220; use_row_as_full_screen_section=&#8220;no&#8220; type=&#8220;grid&#8220; angled_section=&#8220;no&#8220; text_align=&#8220;left&#8220; background_image_as_pattern=&#8220;without_pattern&#8220; z_index=&#8220;&#8220; css=&#8220;.vc_custom_1674324971782{background-color: #ffffff !important;}&#8220;][vc_column width=&#8220;1\/3&#8243;][vc_single_image image=&#8220;6846&#8243; img_size=&#8220;full&#8220; qode_css_animation=&#8220;&#8220;][\/vc_column][vc_column width=&#8220;2\/3&#8243;][vc_empty_space height=&#8220;15px&#8220;][vc_column_text]<\/p>\n<h3 class=\"pureswiss-home\"><span style=\"color: #000000;\">pure<\/span>swiss<\/h3>\n<h2 class=\"about-block-name\">HAUTPFLEGE<\/h2>\n<p>&nbsp;<\/p>\n<div class=\"about-block-info-text\">\n<p>Die Pure Swiss Skincare Collection bietet Ihnen gezielte und spezialisierte Hautpflegel\u00f6sungen mit den besten Inhaltsstoffen, um die Gesundheit der Haut zu f\u00f6rdern und sichtbare, klinisch erwiesene Ergebnisse zu erzielen. Unsere Marken haben ihre eigenen, einzigartigen Spezialit\u00e4ten, die auf bestimmte Probleme abzielen und diese angehen.<\/p>\n<\/div>\n<p>[\/vc_column_text][vc_empty_space height=&#8220;15px&#8220;]<a  itemprop=\"url\" href=\"https:\/\/pureswissaesthetics.com\/byonik-skincare\/\" target=\"_self\"  class=\"qbutton  default\" style=\"\">Mehr<\/a>[\/vc_column][\/vc_row][vc_row css_animation=&#8220;&#8220; row_type=&#8220;row&#8220; use_row_as_full_screen_section=&#8220;no&#8220; type=&#8220;full_width&#8220; angled_section=&#8220;no&#8220; text_align=&#8220;left&#8220; background_image_as_pattern=&#8220;without_pattern&#8220; css=&#8220;.vc_custom_1674324964151{background-color: #ffffff !important;}&#8220; z_index=&#8220;&#8220;][vc_column][vc_empty_space height=&#8220;75px&#8220;][\/vc_column][\/vc_row][vc_row css_animation=&#8220;&#8220; row_type=&#8220;row&#8220; use_row_as_full_screen_section=&#8220;no&#8220; type=&#8220;grid&#8220; angled_section=&#8220;no&#8220; text_align=&#8220;right&#8220; background_image_as_pattern=&#8220;without_pattern&#8220; z_index=&#8220;&#8220; css=&#8220;.vc_custom_1674324949572{background-color: #ffffff !important;}&#8220;][vc_column width=&#8220;2\/3&#8243;][vc_empty_space height=&#8220;15px&#8220;][vc_column_text]<\/p>\n<h3 class=\"pureswiss-home\"><span style=\"color: #000000;\">pure<\/span>swiss<\/h3>\n<h2 class=\"about-block-name\">THE BIORELAX\u00ae MAT<\/h2>\n<div class=\"about-block-info-text\">\n<p>Die BioRelax\u00ae Matte ist eine sanfte, nicht-invasive medizinische Technologie der Klasse 1 zur Unterst\u00fctzung der nat\u00fcrlichen Reparaturprozesse des K\u00f6rpers. Durch die Nutzung von Kleinschen Feldern &#8211; einem einzigartigen, der Natur nachempfundenen Dauermagnetfeld &#8211; stimuliert die Matte die Zellregeneration, optimiert die Erholung und steigert das allgemeine Wohlbefinden. BioRelax\u00ae wird w\u00e4hrend der Ruhephase oder Behandlung eingesetzt und schafft eine Umgebung f\u00fcr echte Regeneration, wodurch das Energieniveau, die Vitalit\u00e4t und die Widerstandsf\u00e4higkeit verbessert werden.<\/p>\n<\/div>\n<p>[\/vc_column_text][vc_empty_space height=&#8220;15px&#8220;]<a  itemprop=\"url\" href=\"https:\/\/pureswissaesthetics.com\/de\/die-biorelax-matte\/\" target=\"_self\"  class=\"qbutton  default\" style=\"\">Erfahren Sie Mehr<\/a>[\/vc_column][vc_column width=&#8220;1\/3&#8243;][vc_single_image image=&#8220;9643&#8243; img_size=&#8220;full&#8220; qode_css_animation=&#8220;&#8220;][\/vc_column][\/vc_row][vc_row css_animation=&#8220;&#8220; row_type=&#8220;row&#8220; use_row_as_full_screen_section=&#8220;no&#8220; type=&#8220;full_width&#8220; angled_section=&#8220;no&#8220; text_align=&#8220;left&#8220; background_image_as_pattern=&#8220;without_pattern&#8220; css=&#8220;.vc_custom_1674324983474{background-color: #ffffff !important;}&#8220; z_index=&#8220;&#8220;][vc_column][vc_empty_space height=&#8220;50px&#8220;][\/vc_column][\/vc_row][vc_row css_animation=&#8220;&#8220; row_type=&#8220;row&#8220; use_row_as_full_screen_section=&#8220;no&#8220; type=&#8220;full_width&#8220; angled_section=&#8220;no&#8220; text_align=&#8220;left&#8220; background_image_as_pattern=&#8220;without_pattern&#8220; css=&#8220;.vc_custom_1674325089241{background-color: #ffffff !important;}&#8220; z_index=&#8220;&#8220;][vc_column css=&#8220;.vc_custom_1674325368922{padding-top: 10px !important;padding-right: 10px !important;padding-bottom: 10px !important;padding-left: 10px !important;}&#8220;]<div class='qode_image_gallery_no_space light'><div class='qode_image_gallery_holder' style='height: 183pxpx;'><ul  ><li  ><div style=\"height: 183pxpx; width:183px;\"><img decoding=\"async\" itemprop=\"image\" src=\"https:\/\/pureswissaesthetics.com\/wp-content\/uploads\/2023\/01\/aesthetic-medicine-1.jpg\" alt=\"\" \/><\/div><\/li><li  ><div style=\"height: 183pxpx; width:183px;\"><img decoding=\"async\" itemprop=\"image\" src=\"https:\/\/pureswissaesthetics.com\/wp-content\/uploads\/2023\/01\/Aesthetics-1.jpg\" alt=\"\" \/><\/div><\/li><li  ><div style=\"height: 183pxpx; width:183px;\"><img decoding=\"async\" itemprop=\"image\" src=\"https:\/\/pureswissaesthetics.com\/wp-content\/uploads\/2023\/01\/Daily-Express-1.jpg\" alt=\"\" \/><\/div><\/li><li  ><div style=\"height: 183pxpx; width:183px;\"><img decoding=\"async\" itemprop=\"image\" src=\"https:\/\/pureswissaesthetics.com\/wp-content\/uploads\/2023\/01\/Daily-Mail-2-1.jpg\" alt=\"\" \/><\/div><\/li><li  ><div style=\"height: 183pxpx; width:183px;\"><img decoding=\"async\" itemprop=\"image\" src=\"https:\/\/pureswissaesthetics.com\/wp-content\/uploads\/2023\/01\/Harpers-Bazaar-1.jpg\" alt=\"\" \/><\/div><\/li><li  ><div style=\"height: 183pxpx; width:183px;\"><img decoding=\"async\" itemprop=\"image\" src=\"https:\/\/pureswissaesthetics.com\/wp-content\/uploads\/2023\/01\/Image-1.jpg\" alt=\"\" \/><\/div><\/li><li  ><div style=\"height: 183pxpx; width:183px;\"><img decoding=\"async\" itemprop=\"image\" src=\"https:\/\/pureswissaesthetics.com\/wp-content\/uploads\/2023\/01\/Sunday-Express-2-1.jpg\" alt=\"\" \/><\/div><\/li><li  ><div style=\"height: 183pxpx; width:183px;\"><img decoding=\"async\" itemprop=\"image\" src=\"https:\/\/pureswissaesthetics.com\/wp-content\/uploads\/2023\/01\/Telegraph-2-1.jpg\" alt=\"\" \/><\/div><\/li><li  ><div style=\"height: 183pxpx; width:183px;\"><img decoding=\"async\" itemprop=\"image\" src=\"https:\/\/pureswissaesthetics.com\/wp-content\/uploads\/2023\/01\/Telegraph-3-1.jpg\" alt=\"\" \/><\/div><\/li><li  ><div style=\"height: 183pxpx; width:183px;\"><img decoding=\"async\" itemprop=\"image\" src=\"https:\/\/pureswissaesthetics.com\/wp-content\/uploads\/2023\/01\/Vogue-1.jpg\" alt=\"\" \/><\/div><\/li><li  ><div style=\"height: 183pxpx; width:183px;\"><img decoding=\"async\" itemprop=\"image\" src=\"https:\/\/pureswissaesthetics.com\/wp-content\/uploads\/2023\/01\/Womens-Health-3.jpg\" alt=\"\" \/><\/div><\/li><\/ul><\/div><div class=\"controls\"><a class=\"prev-slide\" href=\"#\"><span><i class=\"fa fa-angle-left\"><\/i><\/span><\/a><a class=\"next-slide\" href=\"#\"><span><i class=\"fa fa-angle-right\"><\/i><\/span><\/a><\/div><\/div>[\/vc_column][\/vc_row][vc_row css_animation=&#8220;&#8220; row_type=&#8220;row&#8220; use_row_as_full_screen_section=&#8220;no&#8220; type=&#8220;full_width&#8220; angled_section=&#8220;no&#8220; text_align=&#8220;left&#8220; background_image_as_pattern=&#8220;without_pattern&#8220; css=&#8220;.vc_custom_1674324983474{background-color: #ffffff !important;}&#8220; z_index=&#8220;&#8220;][vc_column][vc_empty_space height=&#8220;50px&#8220;][\/vc_column][\/vc_row]<\/p>\n<\/section>","protected":false},"excerpt":{"rendered":"<p>[vc_row css_animation=&#8220;&#8220; row_type=&#8220;row&#8220; use_row_as_full_screen_section=&#8220;no&#8220; type=&#8220;full_width&#8220; angled_section=&#8220;no&#8220; text_align=&#8220;left&#8220; background_image_as_pattern=&#8220;without_pattern&#8220;][vc_column][vc_single_image image=&#8220;6832&#8243; img_size=&#8220;full&#8220; qode_css_animation=&#8220;&#8220;][\/vc_column][\/vc_row][vc_row css_animation=&#8220;&#8220; row_type=&#8220;row&#8220; use_row_as_full_screen_section=&#8220;no&#8220; type=&#8220;grid&#8220; angled_section=&#8220;no&#8220; text_align=&#8220;left&#8220; background_image_as_pattern=&#8220;without_pattern&#8220; css=&#8220;.vc_custom_1678822078787{background-color: #ffffff !important;}&#8220; z_index=&#8220;&#8220;][vc_column][vc_empty_space height=&#8220;50px&#8220;][vc_column_text]Pure Swiss Aesthetics Ltd ist der offizielle und exklusive Vertriebspartner in Grossbritannien, Irland und der Schweiz f\u00fcr den BYONIK\u00ae Pulse Triggered Laser und&#8230;<\/p>\n","protected":false},"author":1,"featured_media":0,"parent":0,"menu_order":0,"comment_status":"closed","ping_status":"closed","template":"full_width.php","meta":{"footnotes":""},"class_list":["post-7414","page","type-page","status-publish","hentry"],"yoast_head":"<!-- This site is optimized with the Yoast SEO plugin v27.2 - https:\/\/yoast.com\/product\/yoast-seo-wordpress\/ -->\n<title>Home - Pure Swiss Aesthetics<\/title>\n<meta name=\"robots\" content=\"index, follow, max-snippet:-1, max-image-preview:large, max-video-preview:-1\" \/>\n<link rel=\"canonical\" href=\"https:\/\/pureswissaesthetics.com\/de\/\" \/>\n<meta property=\"og:locale\" content=\"de_DE\" \/>\n<meta property=\"og:type\" content=\"article\" \/>\n<meta property=\"og:title\" content=\"Home - Pure Swiss Aesthetics\" \/>\n<meta property=\"og:description\" content=\"[vc_row css_animation=&#8220;&#8220; row_type=&#8220;row&#8220; use_row_as_full_screen_section=&#8220;no&#8220; type=&#8220;full_width&#8220; angled_section=&#8220;no&#8220; text_align=&#8220;left&#8220; background_image_as_pattern=&#8220;without_pattern&#8220;][vc_column][vc_single_image image=&#8220;6832&#8243; img_size=&#8220;full&#8220; qode_css_animation=&#8220;&#8220;][\/vc_column][\/vc_row][vc_row css_animation=&#8220;&#8220; row_type=&#8220;row&#8220; use_row_as_full_screen_section=&#8220;no&#8220; type=&#8220;grid&#8220; angled_section=&#8220;no&#8220; text_align=&#8220;left&#8220; background_image_as_pattern=&#8220;without_pattern&#8220; css=&#8220;.vc_custom_1678822078787{background-color: #ffffff !important;}&#8220; z_index=&#8220;&#8220;][vc_column][vc_empty_space height=&#8220;50px&#8220;][vc_column_text]Pure Swiss Aesthetics Ltd ist der offizielle und exklusive Vertriebspartner in Grossbritannien, Irland und der Schweiz f\u00fcr den BYONIK\u00ae Pulse Triggered Laser und...\" \/>\n<meta property=\"og:url\" content=\"https:\/\/pureswissaesthetics.com\/de\/\" \/>\n<meta property=\"og:site_name\" content=\"Pure Swiss Aesthetics\" \/>\n<meta property=\"article:modified_time\" content=\"2025-09-30T15:13:18+00:00\" \/>\n<meta name=\"twitter:card\" content=\"summary_large_image\" \/>\n<meta name=\"twitter:label1\" content=\"Gesch\u00e4tzte Lesezeit\" \/>\n\t<meta name=\"twitter:data1\" content=\"4\u00a0Minuten\" \/>\n<script type=\"application\/ld+json\" class=\"yoast-schema-graph\">{\"@context\":\"https:\/\/schema.org\",\"@graph\":[{\"@type\":\"WebPage\",\"@id\":\"https:\/\/pureswissaesthetics.com\/de\/\",\"url\":\"https:\/\/pureswissaesthetics.com\/de\/\",\"name\":\"Home - Pure Swiss Aesthetics\",\"isPartOf\":{\"@id\":\"https:\/\/pureswissaesthetics.com\/#website\"},\"datePublished\":\"2023-01-20T15:51:03+00:00\",\"dateModified\":\"2025-09-30T15:13:18+00:00\",\"breadcrumb\":{\"@id\":\"https:\/\/pureswissaesthetics.com\/de\/#breadcrumb\"},\"inLanguage\":\"de\",\"potentialAction\":[{\"@type\":\"ReadAction\",\"target\":[\"https:\/\/pureswissaesthetics.com\/de\/\"]}]},{\"@type\":\"BreadcrumbList\",\"@id\":\"https:\/\/pureswissaesthetics.com\/de\/#breadcrumb\",\"itemListElement\":[{\"@type\":\"ListItem\",\"position\":1,\"name\":\"Home\",\"item\":\"https:\/\/pureswissaesthetics.com\/de\/\"},{\"@type\":\"ListItem\",\"position\":2,\"name\":\"Home\"}]},{\"@type\":\"WebSite\",\"@id\":\"https:\/\/pureswissaesthetics.com\/#website\",\"url\":\"https:\/\/pureswissaesthetics.com\/\",\"name\":\"Pure Swiss Aesthetics\",\"description\":\"\",\"potentialAction\":[{\"@type\":\"SearchAction\",\"target\":{\"@type\":\"EntryPoint\",\"urlTemplate\":\"https:\/\/pureswissaesthetics.com\/?s={search_term_string}\"},\"query-input\":{\"@type\":\"PropertyValueSpecification\",\"valueRequired\":true,\"valueName\":\"search_term_string\"}}],\"inLanguage\":\"de\"}]}<\/script>\n<!-- \/ Yoast SEO plugin. -->","yoast_head_json":{"title":"Home - Pure Swiss Aesthetics","robots":{"index":"index","follow":"follow","max-snippet":"max-snippet:-1","max-image-preview":"max-image-preview:large","max-video-preview":"max-video-preview:-1"},"canonical":"https:\/\/pureswissaesthetics.com\/de\/","og_locale":"de_DE","og_type":"article","og_title":"Home - Pure Swiss Aesthetics","og_description":"[vc_row css_animation=&#8220;&#8220; row_type=&#8220;row&#8220; use_row_as_full_screen_section=&#8220;no&#8220; type=&#8220;full_width&#8220; angled_section=&#8220;no&#8220; text_align=&#8220;left&#8220; background_image_as_pattern=&#8220;without_pattern&#8220;][vc_column][vc_single_image image=&#8220;6832&#8243; img_size=&#8220;full&#8220; qode_css_animation=&#8220;&#8220;][\/vc_column][\/vc_row][vc_row css_animation=&#8220;&#8220; row_type=&#8220;row&#8220; use_row_as_full_screen_section=&#8220;no&#8220; type=&#8220;grid&#8220; angled_section=&#8220;no&#8220; text_align=&#8220;left&#8220; background_image_as_pattern=&#8220;without_pattern&#8220; css=&#8220;.vc_custom_1678822078787{background-color: #ffffff !important;}&#8220; z_index=&#8220;&#8220;][vc_column][vc_empty_space height=&#8220;50px&#8220;][vc_column_text]Pure Swiss Aesthetics Ltd ist der offizielle und exklusive Vertriebspartner in Grossbritannien, Irland und der Schweiz f\u00fcr den BYONIK\u00ae Pulse Triggered Laser und...","og_url":"https:\/\/pureswissaesthetics.com\/de\/","og_site_name":"Pure Swiss Aesthetics","article_modified_time":"2025-09-30T15:13:18+00:00","twitter_card":"summary_large_image","twitter_misc":{"Gesch\u00e4tzte Lesezeit":"4\u00a0Minuten"},"schema":{"@context":"https:\/\/schema.org","@graph":[{"@type":"WebPage","@id":"https:\/\/pureswissaesthetics.com\/de\/","url":"https:\/\/pureswissaesthetics.com\/de\/","name":"Home - Pure Swiss Aesthetics","isPartOf":{"@id":"https:\/\/pureswissaesthetics.com\/#website"},"datePublished":"2023-01-20T15:51:03+00:00","dateModified":"2025-09-30T15:13:18+00:00","breadcrumb":{"@id":"https:\/\/pureswissaesthetics.com\/de\/#breadcrumb"},"inLanguage":"de","potentialAction":[{"@type":"ReadAction","target":["https:\/\/pureswissaesthetics.com\/de\/"]}]},{"@type":"BreadcrumbList","@id":"https:\/\/pureswissaesthetics.com\/de\/#breadcrumb","itemListElement":[{"@type":"ListItem","position":1,"name":"Home","item":"https:\/\/pureswissaesthetics.com\/de\/"},{"@type":"ListItem","position":2,"name":"Home"}]},{"@type":"WebSite","@id":"https:\/\/pureswissaesthetics.com\/#website","url":"https:\/\/pureswissaesthetics.com\/","name":"Pure Swiss Aesthetics","description":"","potentialAction":[{"@type":"SearchAction","target":{"@type":"EntryPoint","urlTemplate":"https:\/\/pureswissaesthetics.com\/?s={search_term_string}"},"query-input":{"@type":"PropertyValueSpecification","valueRequired":true,"valueName":"search_term_string"}}],"inLanguage":"de"}]}},"_links":{"self":[{"href":"https:\/\/pureswissaesthetics.com\/de\/wp-json\/wp\/v2\/pages\/7414","targetHints":{"allow":["GET"]}}],"collection":[{"href":"https:\/\/pureswissaesthetics.com\/de\/wp-json\/wp\/v2\/pages"}],"about":[{"href":"https:\/\/pureswissaesthetics.com\/de\/wp-json\/wp\/v2\/types\/page"}],"author":[{"embeddable":true,"href":"https:\/\/pureswissaesthetics.com\/de\/wp-json\/wp\/v2\/users\/1"}],"replies":[{"embeddable":true,"href":"https:\/\/pureswissaesthetics.com\/de\/wp-json\/wp\/v2\/comments?post=7414"}],"version-history":[{"count":17,"href":"https:\/\/pureswissaesthetics.com\/de\/wp-json\/wp\/v2\/pages\/7414\/revisions"}],"predecessor-version":[{"id":9652,"href":"https:\/\/pureswissaesthetics.com\/de\/wp-json\/wp\/v2\/pages\/7414\/revisions\/9652"}],"wp:attachment":[{"href":"https:\/\/pureswissaesthetics.com\/de\/wp-json\/wp\/v2\/media?parent=7414"}],"curies":[{"name":"wp","href":"https:\/\/api.w.org\/{rel}","templated":true}]}}