{"id":7444,"date":"2023-01-20T15:55:52","date_gmt":"2023-01-20T15:55:52","guid":{"rendered":"https:\/\/pureswissaesthetics.com\/irland-botschafterin\/"},"modified":"2023-03-15T17:26:06","modified_gmt":"2023-03-15T17:26:06","slug":"irland-botschafterin","status":"publish","type":"page","link":"https:\/\/pureswissaesthetics.com\/de\/irland-botschafterin\/","title":{"rendered":"Irland Botschafterin"},"content":{"rendered":"<section class=\"wpb-content-wrapper\"><p>[vc_row css_animation=&#8220;&#8220; row_type=&#8220;row&#8220; use_row_as_full_screen_section=&#8220;no&#8220; type=&#8220;full_width&#8220; angled_section=&#8220;no&#8220; text_align=&#8220;left&#8220; background_image_as_pattern=&#8220;without_pattern&#8220;][vc_column][vc_single_image image=&#8220;8249&#8243; img_size=&#8220;full&#8220; qode_css_animation=&#8220;&#8220;][\/vc_column][\/vc_row][vc_row css_animation=&#8220;&#8220; row_type=&#8220;row&#8220; use_row_as_full_screen_section=&#8220;no&#8220; type=&#8220;grid&#8220; angled_section=&#8220;no&#8220; text_align=&#8220;left&#8220; background_image_as_pattern=&#8220;without_pattern&#8220; css=&#8220;.vc_custom_1678818943250{background-color: #ffffff !important;}&#8220; z_index=&#8220;&#8220;][vc_column width=&#8220;1\/6&#8243;][\/vc_column][vc_column width=&#8220;2\/3&#8243;][vc_empty_space height=&#8220;50px&#8220;][vc_column_text]<\/p>\n<h2 style=\"text-align: center;\"><span style=\"color: #008aad;\">Irland Botschafterin<\/span><\/h2>\n<p>[\/vc_column_text][vc_empty_space height=&#8220;25px&#8220;][vc_column_text]<\/p>\n<h2 style=\"text-align: center;\">Sherna Malone<\/h2>\n<p>[\/vc_column_text][vc_empty_space height=&#8220;25px&#8220;][\/vc_column][vc_column width=&#8220;1\/6&#8243;][\/vc_column][\/vc_row][vc_row css_animation=&#8220;&#8220; row_type=&#8220;row&#8220; use_row_as_full_screen_section=&#8220;no&#8220; type=&#8220;grid&#8220; angled_section=&#8220;no&#8220; text_align=&#8220;left&#8220; background_image_as_pattern=&#8220;without_pattern&#8220; css=&#8220;.vc_custom_1678818956896{background-color: #ffffff !important;}&#8220; z_index=&#8220;&#8220;][vc_column width=&#8220;1\/3&#8243;][\/vc_column][vc_column width=&#8220;1\/3&#8243;][vc_single_image image=&#8220;7153&#8243; img_size=&#8220;full&#8220; qode_css_animation=&#8220;&#8220;][\/vc_column][vc_column width=&#8220;1\/3&#8243;][\/vc_column][\/vc_row][vc_row css_animation=&#8220;&#8220; row_type=&#8220;row&#8220; use_row_as_full_screen_section=&#8220;no&#8220; type=&#8220;grid&#8220; angled_section=&#8220;no&#8220; text_align=&#8220;left&#8220; background_image_as_pattern=&#8220;without_pattern&#8220; css=&#8220;.vc_custom_1678818964896{background-color: #ffffff !important;}&#8220; z_index=&#8220;&#8220;][vc_column width=&#8220;1\/6&#8243;][\/vc_column][vc_column width=&#8220;2\/3&#8243;][vc_empty_space height=&#8220;50px&#8220;][vc_column_text]&#8220;Ich freue mich sehr, von Pure Swiss Aesthetics als Brand Ambassador f\u00fcr BYONIK\u00ae ausgew\u00e4hlt worden zu sein. Als Facialist glaube ich an Behandlungen, die f\u00fcr die Kundinnen und Kunden ein ganzheitliches Erlebnis darstellen und neben einem Gef\u00fchl der Verj\u00fcngung und des Wohlbefindens auch echte, greifbare Ergebnisse liefern. Das hat mich zu BYONIK\u00ae gef\u00fchrt, dem ersten patentierten pulsgetriggerten Laser zur Hautverj\u00fcngung f\u00fcr alle Hauttypen und -zust\u00e4nde. BYONIK\u00ae f\u00fcllt eine echte Marktl\u00fccke f\u00fcr klinisch gef\u00fchrte Behandlungen, die sofortige und langfristige Vorteile f\u00fcr die Haut bringen, w\u00e4hrend der Kunde sich entspannen, geniessen und abschalten kann. Deshalb bin ich stolz darauf, mit diesem einzigartigen und innovativen Ger\u00e4t und Behandlungsverfahren in Verbindung gebracht zu werden.[\/vc_column_text][vc_empty_space height=&#8220;25px&#8220;][vc_column_text]Die k\u00fcrzliche Einf\u00fchrung des SLIMYONIK\u00ae AIR Bodystylers hat meinen ganzheitlichen 360\u00b0-Wellness-Ansatz f\u00fcr die ultimative Ganzk\u00f6rperregeneration und -verj\u00fcngung gest\u00e4rkt und erweitert&#8220;.[\/vc_column_text][vc_empty_space height=&#8220;50px&#8220;][\/vc_column][vc_column width=&#8220;1\/6&#8243;][\/vc_column][\/vc_row]<\/p>\n<\/section>","protected":false},"excerpt":{"rendered":"<p>[vc_row css_animation=&#8220;&#8220; row_type=&#8220;row&#8220; use_row_as_full_screen_section=&#8220;no&#8220; type=&#8220;full_width&#8220; angled_section=&#8220;no&#8220; text_align=&#8220;left&#8220; background_image_as_pattern=&#8220;without_pattern&#8220;][vc_column][vc_single_image image=&#8220;8249&#8243; img_size=&#8220;full&#8220; qode_css_animation=&#8220;&#8220;][\/vc_column][\/vc_row][vc_row css_animation=&#8220;&#8220; row_type=&#8220;row&#8220; use_row_as_full_screen_section=&#8220;no&#8220; type=&#8220;grid&#8220; angled_section=&#8220;no&#8220; text_align=&#8220;left&#8220; background_image_as_pattern=&#8220;without_pattern&#8220; css=&#8220;.vc_custom_1678818943250{background-color: #ffffff !important;}&#8220; z_index=&#8220;&#8220;][vc_column width=&#8220;1\/6&#8243;][\/vc_column][vc_column width=&#8220;2\/3&#8243;][vc_empty_space height=&#8220;50px&#8220;][vc_column_text] Irland Botschafterin [\/vc_column_text][vc_empty_space height=&#8220;25px&#8220;][vc_column_text] Sherna Malone [\/vc_column_text][vc_empty_space height=&#8220;25px&#8220;][\/vc_column][vc_column width=&#8220;1\/6&#8243;][\/vc_column][\/vc_row][vc_row css_animation=&#8220;&#8220; row_type=&#8220;row&#8220; use_row_as_full_screen_section=&#8220;no&#8220; type=&#8220;grid&#8220; angled_section=&#8220;no&#8220; text_align=&#8220;left&#8220; background_image_as_pattern=&#8220;without_pattern&#8220; css=&#8220;.vc_custom_1678818956896{background-color: #ffffff !important;}&#8220; z_index=&#8220;&#8220;][vc_column&#8230;<\/p>\n","protected":false},"author":1,"featured_media":0,"parent":0,"menu_order":0,"comment_status":"closed","ping_status":"closed","template":"full_width.php","meta":{"footnotes":""},"class_list":["post-7444","page","type-page","status-publish","hentry"],"yoast_head":"<!-- This site is optimized with the Yoast SEO plugin v27.2 - https:\/\/yoast.com\/product\/yoast-seo-wordpress\/ -->\n<title>Irland Botschafterin - Pure Swiss Aesthetics<\/title>\n<meta name=\"robots\" content=\"index, follow, max-snippet:-1, max-image-preview:large, max-video-preview:-1\" \/>\n<link rel=\"canonical\" href=\"https:\/\/pureswissaesthetics.com\/ambassador-ireland\/\" \/>\n<meta property=\"og:locale\" content=\"de_DE\" \/>\n<meta property=\"og:type\" content=\"article\" \/>\n<meta property=\"og:title\" content=\"Irland Botschafterin - Pure Swiss Aesthetics\" \/>\n<meta property=\"og:description\" content=\"[vc_row css_animation=&#8220;&#8220; row_type=&#8220;row&#8220; use_row_as_full_screen_section=&#8220;no&#8220; type=&#8220;full_width&#8220; angled_section=&#8220;no&#8220; text_align=&#8220;left&#8220; background_image_as_pattern=&#8220;without_pattern&#8220;][vc_column][vc_single_image image=&#8220;8249&#8243; img_size=&#8220;full&#8220; qode_css_animation=&#8220;&#8220;][\/vc_column][\/vc_row][vc_row css_animation=&#8220;&#8220; row_type=&#8220;row&#8220; use_row_as_full_screen_section=&#8220;no&#8220; type=&#8220;grid&#8220; angled_section=&#8220;no&#8220; text_align=&#8220;left&#8220; background_image_as_pattern=&#8220;without_pattern&#8220; css=&#8220;.vc_custom_1678818943250{background-color: #ffffff !important;}&#8220; z_index=&#8220;&#8220;][vc_column width=&#8220;1\/6&#8243;][\/vc_column][vc_column width=&#8220;2\/3&#8243;][vc_empty_space height=&#8220;50px&#8220;][vc_column_text] Irland Botschafterin [\/vc_column_text][vc_empty_space height=&#8220;25px&#8220;][vc_column_text] Sherna Malone [\/vc_column_text][vc_empty_space height=&#8220;25px&#8220;][\/vc_column][vc_column width=&#8220;1\/6&#8243;][\/vc_column][\/vc_row][vc_row css_animation=&#8220;&#8220; row_type=&#8220;row&#8220; use_row_as_full_screen_section=&#8220;no&#8220; type=&#8220;grid&#8220; angled_section=&#8220;no&#8220; text_align=&#8220;left&#8220; background_image_as_pattern=&#8220;without_pattern&#8220; css=&#8220;.vc_custom_1678818956896{background-color: #ffffff !important;}&#8220; z_index=&#8220;&#8220;][vc_column...\" \/>\n<meta property=\"og:url\" content=\"https:\/\/pureswissaesthetics.com\/ambassador-ireland\/\" \/>\n<meta property=\"og:site_name\" content=\"Pure Swiss Aesthetics\" \/>\n<meta property=\"article:modified_time\" content=\"2023-03-15T17:26:06+00:00\" \/>\n<meta name=\"twitter:card\" content=\"summary_large_image\" \/>\n<meta name=\"twitter:label1\" content=\"Gesch\u00e4tzte Lesezeit\" \/>\n\t<meta name=\"twitter:data1\" content=\"2\u00a0Minuten\" \/>\n<script type=\"application\/ld+json\" class=\"yoast-schema-graph\">{\"@context\":\"https:\/\/schema.org\",\"@graph\":[{\"@type\":\"WebPage\",\"@id\":\"https:\/\/pureswissaesthetics.com\/ambassador-ireland\/\",\"url\":\"https:\/\/pureswissaesthetics.com\/ambassador-ireland\/\",\"name\":\"Irland Botschafterin - Pure Swiss Aesthetics\",\"isPartOf\":{\"@id\":\"https:\/\/pureswissaesthetics.com\/#website\"},\"datePublished\":\"2023-01-20T15:55:52+00:00\",\"dateModified\":\"2023-03-15T17:26:06+00:00\",\"breadcrumb\":{\"@id\":\"https:\/\/pureswissaesthetics.com\/ambassador-ireland\/#breadcrumb\"},\"inLanguage\":\"de\",\"potentialAction\":[{\"@type\":\"ReadAction\",\"target\":[\"https:\/\/pureswissaesthetics.com\/ambassador-ireland\/\"]}]},{\"@type\":\"BreadcrumbList\",\"@id\":\"https:\/\/pureswissaesthetics.com\/ambassador-ireland\/#breadcrumb\",\"itemListElement\":[{\"@type\":\"ListItem\",\"position\":1,\"name\":\"Home\",\"item\":\"https:\/\/pureswissaesthetics.com\/de\/\"},{\"@type\":\"ListItem\",\"position\":2,\"name\":\"Irland Botschafterin\"}]},{\"@type\":\"WebSite\",\"@id\":\"https:\/\/pureswissaesthetics.com\/#website\",\"url\":\"https:\/\/pureswissaesthetics.com\/\",\"name\":\"Pure Swiss Aesthetics\",\"description\":\"\",\"potentialAction\":[{\"@type\":\"SearchAction\",\"target\":{\"@type\":\"EntryPoint\",\"urlTemplate\":\"https:\/\/pureswissaesthetics.com\/?s={search_term_string}\"},\"query-input\":{\"@type\":\"PropertyValueSpecification\",\"valueRequired\":true,\"valueName\":\"search_term_string\"}}],\"inLanguage\":\"de\"}]}<\/script>\n<!-- \/ Yoast SEO plugin. -->","yoast_head_json":{"title":"Irland Botschafterin - Pure Swiss Aesthetics","robots":{"index":"index","follow":"follow","max-snippet":"max-snippet:-1","max-image-preview":"max-image-preview:large","max-video-preview":"max-video-preview:-1"},"canonical":"https:\/\/pureswissaesthetics.com\/ambassador-ireland\/","og_locale":"de_DE","og_type":"article","og_title":"Irland Botschafterin - Pure Swiss Aesthetics","og_description":"[vc_row css_animation=&#8220;&#8220; row_type=&#8220;row&#8220; use_row_as_full_screen_section=&#8220;no&#8220; type=&#8220;full_width&#8220; angled_section=&#8220;no&#8220; text_align=&#8220;left&#8220; background_image_as_pattern=&#8220;without_pattern&#8220;][vc_column][vc_single_image image=&#8220;8249&#8243; img_size=&#8220;full&#8220; qode_css_animation=&#8220;&#8220;][\/vc_column][\/vc_row][vc_row css_animation=&#8220;&#8220; row_type=&#8220;row&#8220; use_row_as_full_screen_section=&#8220;no&#8220; type=&#8220;grid&#8220; angled_section=&#8220;no&#8220; text_align=&#8220;left&#8220; background_image_as_pattern=&#8220;without_pattern&#8220; css=&#8220;.vc_custom_1678818943250{background-color: #ffffff !important;}&#8220; z_index=&#8220;&#8220;][vc_column width=&#8220;1\/6&#8243;][\/vc_column][vc_column width=&#8220;2\/3&#8243;][vc_empty_space height=&#8220;50px&#8220;][vc_column_text] Irland Botschafterin [\/vc_column_text][vc_empty_space height=&#8220;25px&#8220;][vc_column_text] Sherna Malone [\/vc_column_text][vc_empty_space height=&#8220;25px&#8220;][\/vc_column][vc_column width=&#8220;1\/6&#8243;][\/vc_column][\/vc_row][vc_row css_animation=&#8220;&#8220; row_type=&#8220;row&#8220; use_row_as_full_screen_section=&#8220;no&#8220; type=&#8220;grid&#8220; angled_section=&#8220;no&#8220; text_align=&#8220;left&#8220; background_image_as_pattern=&#8220;without_pattern&#8220; css=&#8220;.vc_custom_1678818956896{background-color: #ffffff !important;}&#8220; z_index=&#8220;&#8220;][vc_column...","og_url":"https:\/\/pureswissaesthetics.com\/ambassador-ireland\/","og_site_name":"Pure Swiss Aesthetics","article_modified_time":"2023-03-15T17:26:06+00:00","twitter_card":"summary_large_image","twitter_misc":{"Gesch\u00e4tzte Lesezeit":"2\u00a0Minuten"},"schema":{"@context":"https:\/\/schema.org","@graph":[{"@type":"WebPage","@id":"https:\/\/pureswissaesthetics.com\/ambassador-ireland\/","url":"https:\/\/pureswissaesthetics.com\/ambassador-ireland\/","name":"Irland Botschafterin - Pure Swiss Aesthetics","isPartOf":{"@id":"https:\/\/pureswissaesthetics.com\/#website"},"datePublished":"2023-01-20T15:55:52+00:00","dateModified":"2023-03-15T17:26:06+00:00","breadcrumb":{"@id":"https:\/\/pureswissaesthetics.com\/ambassador-ireland\/#breadcrumb"},"inLanguage":"de","potentialAction":[{"@type":"ReadAction","target":["https:\/\/pureswissaesthetics.com\/ambassador-ireland\/"]}]},{"@type":"BreadcrumbList","@id":"https:\/\/pureswissaesthetics.com\/ambassador-ireland\/#breadcrumb","itemListElement":[{"@type":"ListItem","position":1,"name":"Home","item":"https:\/\/pureswissaesthetics.com\/de\/"},{"@type":"ListItem","position":2,"name":"Irland Botschafterin"}]},{"@type":"WebSite","@id":"https:\/\/pureswissaesthetics.com\/#website","url":"https:\/\/pureswissaesthetics.com\/","name":"Pure Swiss Aesthetics","description":"","potentialAction":[{"@type":"SearchAction","target":{"@type":"EntryPoint","urlTemplate":"https:\/\/pureswissaesthetics.com\/?s={search_term_string}"},"query-input":{"@type":"PropertyValueSpecification","valueRequired":true,"valueName":"search_term_string"}}],"inLanguage":"de"}]}},"_links":{"self":[{"href":"https:\/\/pureswissaesthetics.com\/de\/wp-json\/wp\/v2\/pages\/7444","targetHints":{"allow":["GET"]}}],"collection":[{"href":"https:\/\/pureswissaesthetics.com\/de\/wp-json\/wp\/v2\/pages"}],"about":[{"href":"https:\/\/pureswissaesthetics.com\/de\/wp-json\/wp\/v2\/types\/page"}],"author":[{"embeddable":true,"href":"https:\/\/pureswissaesthetics.com\/de\/wp-json\/wp\/v2\/users\/1"}],"replies":[{"embeddable":true,"href":"https:\/\/pureswissaesthetics.com\/de\/wp-json\/wp\/v2\/comments?post=7444"}],"version-history":[{"count":7,"href":"https:\/\/pureswissaesthetics.com\/de\/wp-json\/wp\/v2\/pages\/7444\/revisions"}],"predecessor-version":[{"id":8263,"href":"https:\/\/pureswissaesthetics.com\/de\/wp-json\/wp\/v2\/pages\/7444\/revisions\/8263"}],"wp:attachment":[{"href":"https:\/\/pureswissaesthetics.com\/de\/wp-json\/wp\/v2\/media?parent=7444"}],"curies":[{"name":"wp","href":"https:\/\/api.w.org\/{rel}","templated":true}]}}