{"id":7411,"date":"2023-01-20T15:51:03","date_gmt":"2023-01-20T15:51:03","guid":{"rendered":"https:\/\/pureswissaesthetics.com\/home\/"},"modified":"2025-09-30T15:12:21","modified_gmt":"2025-09-30T15:12:21","slug":"home","status":"publish","type":"page","link":"https:\/\/pureswissaesthetics.com\/fr\/","title":{"rendered":"Home"},"content":{"rendered":"<section class=\"wpb-content-wrapper\"><p>[vc_row css_animation=\u00a0\u00bb\u00a0\u00bb row_type=\u00a0\u00bbrow\u00a0\u00bb use_row_as_full_screen_section=\u00a0\u00bbno\u00a0\u00bb type=\u00a0\u00bbfull_width\u00a0\u00bb angled_section=\u00a0\u00bbno\u00a0\u00bb text_align=\u00a0\u00bbleft\u00a0\u00bb background_image_as_pattern=\u00a0\u00bbwithout_pattern\u00a0\u00bb][vc_column][vc_single_image image=\u00a0\u00bb6832&Prime; img_size=\u00a0\u00bbfull\u00a0\u00bb qode_css_animation=\u00a0\u00bb\u00a0\u00bb][\/vc_column][\/vc_row][vc_row css_animation=\u00a0\u00bb\u00a0\u00bb row_type=\u00a0\u00bbrow\u00a0\u00bb use_row_as_full_screen_section=\u00a0\u00bbno\u00a0\u00bb type=\u00a0\u00bbgrid\u00a0\u00bb angled_section=\u00a0\u00bbno\u00a0\u00bb text_align=\u00a0\u00bbleft\u00a0\u00bb background_image_as_pattern=\u00a0\u00bbwithout_pattern\u00a0\u00bb css=\u00a0\u00bb.vc_custom_1678822078787{background-color: #ffffff !important;}\u00a0\u00bb z_index=\u00a0\u00bb\u00a0\u00bb][vc_column][vc_empty_space height=\u00a0\u00bb50px\u00a0\u00bb][vc_column_text]Pure Swiss Aesthetics Ltd est le distributeur officiel et exclusif au Royaume-Uni, en Irlande et en Suisse du BYONIK\u00ae Pulse Triggered Laser et du SLIMYONIK\u00ae Air Bodystyler. En tant que pionniers de l&rsquo;industrie, le c\u0153ur de notre activit\u00e9 a toujours \u00e9t\u00e9 de repr\u00e9senter des solutions innovantes pour une sant\u00e9 optimale de la peau et un vieillissement sain \u00e0 long terme. Notre portefeuille de syst\u00e8mes hybrides innovants et efficaces, fond\u00e9s sur des preuves, vous apporte le portefeuille parfait pour tous vos besoins cliniques afin de vous assurer que vous travaillez avec les meilleures solutions pour l&rsquo;avenir de la r\u00e9g\u00e9n\u00e9ration et du vieillissement cellulaire sain et optimal.[\/vc_column_text][vc_empty_space height=\u00a0\u00bb25px\u00a0\u00bb][vc_column_text]D\u00e9couvrez comment les derniers appareils \u00e0 base d&rsquo;\u00e9nergie et les tendances \u00e9mergentes de l&rsquo;industrie contribueront \u00e0 faire \u00e9voluer, \u00e0 renforcer et \u00e0 pr\u00e9parer l&rsquo;avenir de votre entreprise.[\/vc_column_text][vc_empty_space height=\u00a0\u00bb50px\u00a0\u00bb][\/vc_column][\/vc_row][vc_row css_animation=\u00a0\u00bb\u00a0\u00bb row_type=\u00a0\u00bbrow\u00a0\u00bb use_row_as_full_screen_section=\u00a0\u00bbno\u00a0\u00bb type=\u00a0\u00bbgrid\u00a0\u00bb angled_section=\u00a0\u00bbno\u00a0\u00bb text_align=\u00a0\u00bbleft\u00a0\u00bb background_image_as_pattern=\u00a0\u00bbwithout_pattern\u00a0\u00bb z_index=\u00a0\u00bb\u00a0\u00bb css=\u00a0\u00bb.vc_custom_1674324927227{background-color: #ffffff !important;}\u00a0\u00bb][vc_column width=\u00a0\u00bb1\/3&Prime;][vc_single_image image=\u00a0\u00bb9036&Prime; img_size=\u00a0\u00bbfull\u00a0\u00bb qode_css_animation=\u00a0\u00bb\u00a0\u00bb][\/vc_column][vc_column width=\u00a0\u00bb2\/3&Prime;][vc_empty_space height=\u00a0\u00bb15px\u00a0\u00bb][vc_column_text]<\/p>\n<h3 class=\"pureswiss-home\"><span style=\"color: #000000;\">pure<\/span>swiss<\/h3>\n<h2 class=\"about-block-name\">BYONIK\u00ae PTL Laser<\/h2>\n<h5>Pr\u00e9sent\u00e9 dans le Tweakments Guide<\/h5>\n<div class=\"about-block-info-text\">\n<p>Le BYONIK\u00ae Pulse Triggered Laser est le syst\u00e8me original et in\u00e9gal\u00e9 de Low Level Pulse-Tiggered Laser qui est guid\u00e9 par votre pouls. Il utilise une m\u00e9thode trilogique pour activer, gu\u00e9rir et r\u00e9parer au niveau cellulaire. BYONIK\u00ae ouvre une nouvelle voie dans le domaine du vieillissement sain, offrant \u00e0 votre entreprise une solution cibl\u00e9e pour la sant\u00e9 r\u00e9g\u00e9n\u00e9rative de la peau. La technologie brevet\u00e9e d&rsquo;\u00e9mission laser d\u00e9clench\u00e9e par impulsion permet une photobiomodulation directe au niveau cellulaire et une \u00e9mission \u00e0 double longueur d&rsquo;onde pour des r\u00e9sultats optimaux dans le cadre d&rsquo;un bio-hacking personnalis\u00e9. Cette m\u00e9thode compl\u00e8te offre le summum de la gu\u00e9rison, de la r\u00e9paration, de la r\u00e9duction de l&rsquo;inflammation et du remodelage dermique avec une protection cellulaire en 3D et une r\u00e9tention d&rsquo;eau accrue au niveau cellulaire.<\/p>\n<p>Cette solution trilogique reconnue et prim\u00e9e, compos\u00e9e de laser, d&rsquo;impulsions, d&rsquo;acide hyaluronique et d&rsquo;antioxydants, est une m\u00e9thode mondiale qui a impressionn\u00e9 plusieurs universit\u00e9s et instituts de recherche dans le monde entier et qui est v\u00e9ritablement capable de faire voyager votre peau dans le temps. Le BYONIK\u00ae offre des r\u00e9sultats transformateurs, personnalis\u00e9s, indolores, visibles et imm\u00e9diats pour r\u00e9tablir l&rsquo;\u00e9quilibre, le volume, la fermet\u00e9 et l&rsquo;hydratation de la peau.<\/p>\n<\/div>\n<p>[\/vc_column_text][vc_empty_space height=\u00a0\u00bb15px\u00a0\u00bb]<a  itemprop=\"url\" href=\"mailto:info@pureswissaesthetics.co.uk?subject=Je voudrais organiser une d\u00e9monstration\" target=\"_self\"  class=\"qbutton  default\" style=\"\">Organiser une d\u00e9monstration<\/a>[\/vc_column][\/vc_row][vc_row css_animation=\u00a0\u00bb\u00a0\u00bb row_type=\u00a0\u00bbrow\u00a0\u00bb use_row_as_full_screen_section=\u00a0\u00bbno\u00a0\u00bb type=\u00a0\u00bbfull_width\u00a0\u00bb angled_section=\u00a0\u00bbno\u00a0\u00bb text_align=\u00a0\u00bbleft\u00a0\u00bb background_image_as_pattern=\u00a0\u00bbwithout_pattern\u00a0\u00bb css=\u00a0\u00bb.vc_custom_1674324941845{background-color: #ffffff !important;}\u00a0\u00bb z_index=\u00a0\u00bb\u00a0\u00bb][vc_column][vc_empty_space height=\u00a0\u00bb75px\u00a0\u00bb][\/vc_column][\/vc_row][vc_row css_animation=\u00a0\u00bb\u00a0\u00bb row_type=\u00a0\u00bbrow\u00a0\u00bb use_row_as_full_screen_section=\u00a0\u00bbno\u00a0\u00bb type=\u00a0\u00bbgrid\u00a0\u00bb angled_section=\u00a0\u00bbno\u00a0\u00bb text_align=\u00a0\u00bbright\u00a0\u00bb background_image_as_pattern=\u00a0\u00bbwithout_pattern\u00a0\u00bb z_index=\u00a0\u00bb\u00a0\u00bb css=\u00a0\u00bb.vc_custom_1674324949572{background-color: #ffffff !important;}\u00a0\u00bb][vc_column width=\u00a0\u00bb2\/3&Prime;][vc_empty_space height=\u00a0\u00bb15px\u00a0\u00bb][vc_column_text]<\/p>\n<h3 class=\"pureswiss-home\"><span style=\"color: #000000;\">pure<\/span>swiss<\/h3>\n<h2 class=\"about-block-name\">SLIMYONIK\u00ae AIR BODYSTYLER<\/h2>\n<h5 class=\"about-block-name\">Vu dans le <a href=\"https:\/\/pureswissaesthetics.com\/tweakments-guide\/\">Tweakments Guide<\/a> et dans <a href=\"https:\/\/pureswissaesthetics.com\/itv-morning-show-slimyonik\/\">l&rsquo;\u00e9mission matinale d&rsquo;ITV<\/a> (cha\u00eene nationale de t\u00e9l\u00e9vision au Royaume-Uni)<\/h5>\n<div class=\"about-block-info-text\">\n<p>SLIMYONIK\u00ae AIR Bodystyler est la technologie la plus avanc\u00e9e pour un bien-\u00eatre r\u00e9g\u00e9n\u00e9rateur et pr\u00e9ventif \u00e0 360\u00b0. Le SLIMYONIK\u00ae AIR Bodystyler vise \u00e0 stimuler votre m\u00e9tabolisme et votre immunit\u00e9 lymphatique par le biais de divers programmes de massage pneumatique sur mesure combin\u00e9s \u00e0 l&rsquo;inhalation d&rsquo;air ambiant enrichi en oxyg\u00e8ne, afin d&rsquo;activer en douceur votre syst\u00e8me lymphatique, d&rsquo;aider \u00e0 la d\u00e9sintoxication et d&rsquo;am\u00e9liorer la sant\u00e9 et le bien-\u00eatre en g\u00e9n\u00e9ral. Le SLIMYONIK\u00ae AIR | Bodystyler offre une harmonie parfaite et constitue la solution id\u00e9ale pour soutenir la r\u00e9duction syst\u00e9mique et la pr\u00e9vention des troubles inflammatoires de la peau, tels que l&rsquo;acn\u00e9 et la rosac\u00e9e, en r\u00e9duisant et en r\u00e9\u00e9quilibrant les sympt\u00f4mes et les effets secondaires connus qui y sont li\u00e9s.<\/p>\n<p>C&rsquo;est le compl\u00e9ment id\u00e9al \u00e0 votre portefeuille de traitements, vous permettant d&rsquo;am\u00e9liorer l&rsquo;exp\u00e9rience et les r\u00e9sultats de vos patients, tout en apportant des revenus suppl\u00e9mentaires et de l&rsquo;exclusivit\u00e9 \u00e0 votre clinique.<\/p>\n<\/div>\n<p>[\/vc_column_text][vc_empty_space height=\u00a0\u00bb15px\u00a0\u00bb]<a  itemprop=\"url\" href=\"mailto:info@pureswissaesthetics.co.uk?subject=Je voudrais organiser une d\u00e9monstration\" target=\"_self\"  class=\"qbutton  default\" style=\"\">Organiser une d\u00e9monstration<\/a>[\/vc_column][vc_column width=\u00a0\u00bb1\/3&Prime;][vc_single_image image=\u00a0\u00bb6843&Prime; img_size=\u00a0\u00bbfull\u00a0\u00bb qode_css_animation=\u00a0\u00bb\u00a0\u00bb][\/vc_column][\/vc_row][vc_row css_animation=\u00a0\u00bb\u00a0\u00bb row_type=\u00a0\u00bbrow\u00a0\u00bb use_row_as_full_screen_section=\u00a0\u00bbno\u00a0\u00bb type=\u00a0\u00bbfull_width\u00a0\u00bb angled_section=\u00a0\u00bbno\u00a0\u00bb text_align=\u00a0\u00bbleft\u00a0\u00bb background_image_as_pattern=\u00a0\u00bbwithout_pattern\u00a0\u00bb css=\u00a0\u00bb.vc_custom_1674324964151{background-color: #ffffff !important;}\u00a0\u00bb z_index=\u00a0\u00bb\u00a0\u00bb][vc_column][vc_empty_space height=\u00a0\u00bb75px\u00a0\u00bb][\/vc_column][\/vc_row][vc_row css_animation=\u00a0\u00bb\u00a0\u00bb row_type=\u00a0\u00bbrow\u00a0\u00bb use_row_as_full_screen_section=\u00a0\u00bbno\u00a0\u00bb type=\u00a0\u00bbgrid\u00a0\u00bb angled_section=\u00a0\u00bbno\u00a0\u00bb text_align=\u00a0\u00bbleft\u00a0\u00bb background_image_as_pattern=\u00a0\u00bbwithout_pattern\u00a0\u00bb z_index=\u00a0\u00bb\u00a0\u00bb css=\u00a0\u00bb.vc_custom_1674324971782{background-color: #ffffff !important;}\u00a0\u00bb][vc_column width=\u00a0\u00bb1\/3&Prime;][vc_single_image image=\u00a0\u00bb6846&Prime; img_size=\u00a0\u00bbfull\u00a0\u00bb qode_css_animation=\u00a0\u00bb\u00a0\u00bb][\/vc_column][vc_column width=\u00a0\u00bb2\/3&Prime;][vc_empty_space height=\u00a0\u00bb15px\u00a0\u00bb][vc_column_text]<\/p>\n<h3 class=\"pureswiss-home\"><span style=\"color: #000000;\">pure<\/span>swiss<\/h3>\n<h2 class=\"about-block-name\">SOINS DE LA PEAU<\/h2>\n<p>&nbsp;<\/p>\n<div class=\"about-block-info-text\">\n<p>La collection Pure Swiss Skincare vous propose des solutions de soins de la peau cibl\u00e9es et sp\u00e9cialis\u00e9es qui utilisent les meilleurs ingr\u00e9dients pour promouvoir la sant\u00e9 de la peau et obtenir des r\u00e9sultats visibles et cliniquement prouv\u00e9s. Nos marques ont leurs propres sp\u00e9cialit\u00e9s uniques qui ciblent et r\u00e9pondent \u00e0 des pr\u00e9occupations sp\u00e9cifiques.<\/p>\n<\/div>\n<p>[\/vc_column_text][vc_empty_space height=\u00a0\u00bb15px\u00a0\u00bb]<a  itemprop=\"url\" href=\"https:\/\/pureswissaesthetics.com\/byonik-skincare\/\" target=\"_self\"  class=\"qbutton  default\" style=\"\">D\u00e9couvrir<\/a>[\/vc_column][\/vc_row][vc_row css_animation=\u00a0\u00bb\u00a0\u00bb row_type=\u00a0\u00bbrow\u00a0\u00bb use_row_as_full_screen_section=\u00a0\u00bbno\u00a0\u00bb type=\u00a0\u00bbfull_width\u00a0\u00bb angled_section=\u00a0\u00bbno\u00a0\u00bb text_align=\u00a0\u00bbleft\u00a0\u00bb background_image_as_pattern=\u00a0\u00bbwithout_pattern\u00a0\u00bb css=\u00a0\u00bb.vc_custom_1674324964151{background-color: #ffffff !important;}\u00a0\u00bb z_index=\u00a0\u00bb\u00a0\u00bb][vc_column][vc_empty_space height=\u00a0\u00bb75px\u00a0\u00bb][\/vc_column][\/vc_row][vc_row css_animation=\u00a0\u00bb\u00a0\u00bb row_type=\u00a0\u00bbrow\u00a0\u00bb use_row_as_full_screen_section=\u00a0\u00bbno\u00a0\u00bb type=\u00a0\u00bbgrid\u00a0\u00bb angled_section=\u00a0\u00bbno\u00a0\u00bb text_align=\u00a0\u00bbright\u00a0\u00bb background_image_as_pattern=\u00a0\u00bbwithout_pattern\u00a0\u00bb z_index=\u00a0\u00bb\u00a0\u00bb css=\u00a0\u00bb.vc_custom_1674324949572{background-color: #ffffff !important;}\u00a0\u00bb][vc_column width=\u00a0\u00bb2\/3&Prime;][vc_empty_space height=\u00a0\u00bb15px\u00a0\u00bb][vc_column_text]<\/p>\n<h3 class=\"pureswiss-home\"><span style=\"color: #000000;\">pure<\/span>swiss<\/h3>\n<h2 class=\"about-block-name\">THE BIORELAX\u00ae MAT<\/h2>\n<div class=\"about-block-info-text\">\n<p>Le BioRelax\u00ae Mat est une technologie m\u00e9dicale de classe 1, douce et non invasive, con\u00e7ue pour soutenir les processus naturels de r\u00e9paration du corps. En exploitant les champs Kleinsche, un champ magn\u00e9tique permanent unique inspir\u00e9 de la nature, le tapis stimule la r\u00e9g\u00e9n\u00e9ration cellulaire, optimise la r\u00e9cup\u00e9ration et am\u00e9liore le bien-\u00eatre g\u00e9n\u00e9ral. Utilis\u00e9 pendant le repos ou le traitement, BioRelax\u00ae cr\u00e9e un environnement propice \u00e0 une v\u00e9ritable r\u00e9g\u00e9n\u00e9ration, am\u00e9liorant les niveaux d&rsquo;\u00e9nergie, la vitalit\u00e9 et la r\u00e9silience.<\/p>\n<\/div>\n<p>[\/vc_column_text][vc_empty_space height=\u00a0\u00bb15px\u00a0\u00bb]<a  itemprop=\"url\" href=\"https:\/\/pureswissaesthetics.com\/fr\/le-tapis-biorelax\/\" target=\"_self\"  class=\"qbutton  default\" style=\"\">Plus d'informations<\/a>[\/vc_column][vc_column width=\u00a0\u00bb1\/3&Prime;][vc_single_image image=\u00a0\u00bb9643&Prime; img_size=\u00a0\u00bbfull\u00a0\u00bb qode_css_animation=\u00a0\u00bb\u00a0\u00bb][\/vc_column][\/vc_row][vc_row css_animation=\u00a0\u00bb\u00a0\u00bb row_type=\u00a0\u00bbrow\u00a0\u00bb use_row_as_full_screen_section=\u00a0\u00bbno\u00a0\u00bb type=\u00a0\u00bbfull_width\u00a0\u00bb angled_section=\u00a0\u00bbno\u00a0\u00bb text_align=\u00a0\u00bbleft\u00a0\u00bb background_image_as_pattern=\u00a0\u00bbwithout_pattern\u00a0\u00bb css=\u00a0\u00bb.vc_custom_1674324983474{background-color: #ffffff !important;}\u00a0\u00bb z_index=\u00a0\u00bb\u00a0\u00bb][vc_column][vc_empty_space height=\u00a0\u00bb50px\u00a0\u00bb][\/vc_column][\/vc_row][vc_row css_animation=\u00a0\u00bb\u00a0\u00bb row_type=\u00a0\u00bbrow\u00a0\u00bb use_row_as_full_screen_section=\u00a0\u00bbno\u00a0\u00bb type=\u00a0\u00bbfull_width\u00a0\u00bb angled_section=\u00a0\u00bbno\u00a0\u00bb text_align=\u00a0\u00bbleft\u00a0\u00bb background_image_as_pattern=\u00a0\u00bbwithout_pattern\u00a0\u00bb css=\u00a0\u00bb.vc_custom_1674325089241{background-color: #ffffff !important;}\u00a0\u00bb z_index=\u00a0\u00bb\u00a0\u00bb][vc_column css=\u00a0\u00bb.vc_custom_1674325368922{padding-top: 10px !important;padding-right: 10px !important;padding-bottom: 10px !important;padding-left: 10px !important;}\u00a0\u00bb]<div class='qode_image_gallery_no_space light'><div class='qode_image_gallery_holder' style='height: 183pxpx;'><ul  ><li  ><div style=\"height: 183pxpx; width:183px;\"><img decoding=\"async\" itemprop=\"image\" src=\"https:\/\/pureswissaesthetics.com\/wp-content\/uploads\/2023\/01\/aesthetic-medicine-1.jpg\" alt=\"\" \/><\/div><\/li><li  ><div style=\"height: 183pxpx; width:183px;\"><img decoding=\"async\" itemprop=\"image\" src=\"https:\/\/pureswissaesthetics.com\/wp-content\/uploads\/2023\/01\/Aesthetics-1.jpg\" alt=\"\" \/><\/div><\/li><li  ><div style=\"height: 183pxpx; width:183px;\"><img decoding=\"async\" itemprop=\"image\" src=\"https:\/\/pureswissaesthetics.com\/wp-content\/uploads\/2023\/01\/Daily-Express-1.jpg\" alt=\"\" \/><\/div><\/li><li  ><div style=\"height: 183pxpx; width:183px;\"><img decoding=\"async\" itemprop=\"image\" src=\"https:\/\/pureswissaesthetics.com\/wp-content\/uploads\/2023\/01\/Daily-Mail-2-1.jpg\" alt=\"\" \/><\/div><\/li><li  ><div style=\"height: 183pxpx; width:183px;\"><img decoding=\"async\" itemprop=\"image\" src=\"https:\/\/pureswissaesthetics.com\/wp-content\/uploads\/2023\/01\/Harpers-Bazaar-1.jpg\" alt=\"\" \/><\/div><\/li><li  ><div style=\"height: 183pxpx; width:183px;\"><img decoding=\"async\" itemprop=\"image\" src=\"https:\/\/pureswissaesthetics.com\/wp-content\/uploads\/2023\/01\/Image-1.jpg\" alt=\"\" \/><\/div><\/li><li  ><div style=\"height: 183pxpx; width:183px;\"><img decoding=\"async\" itemprop=\"image\" src=\"https:\/\/pureswissaesthetics.com\/wp-content\/uploads\/2023\/01\/Sunday-Express-2-1.jpg\" alt=\"\" \/><\/div><\/li><li  ><div style=\"height: 183pxpx; width:183px;\"><img decoding=\"async\" itemprop=\"image\" src=\"https:\/\/pureswissaesthetics.com\/wp-content\/uploads\/2023\/01\/Telegraph-2-1.jpg\" alt=\"\" \/><\/div><\/li><li  ><div style=\"height: 183pxpx; width:183px;\"><img decoding=\"async\" itemprop=\"image\" src=\"https:\/\/pureswissaesthetics.com\/wp-content\/uploads\/2023\/01\/Telegraph-3-1.jpg\" alt=\"\" \/><\/div><\/li><li  ><div style=\"height: 183pxpx; width:183px;\"><img decoding=\"async\" itemprop=\"image\" src=\"https:\/\/pureswissaesthetics.com\/wp-content\/uploads\/2023\/01\/Vogue-1.jpg\" alt=\"\" \/><\/div><\/li><li  ><div style=\"height: 183pxpx; width:183px;\"><img decoding=\"async\" itemprop=\"image\" src=\"https:\/\/pureswissaesthetics.com\/wp-content\/uploads\/2023\/01\/Womens-Health-3.jpg\" alt=\"\" \/><\/div><\/li><\/ul><\/div><div class=\"controls\"><a class=\"prev-slide\" href=\"#\"><span><i class=\"fa fa-angle-left\"><\/i><\/span><\/a><a class=\"next-slide\" href=\"#\"><span><i class=\"fa fa-angle-right\"><\/i><\/span><\/a><\/div><\/div>[\/vc_column][\/vc_row][vc_row css_animation=\u00a0\u00bb\u00a0\u00bb row_type=\u00a0\u00bbrow\u00a0\u00bb use_row_as_full_screen_section=\u00a0\u00bbno\u00a0\u00bb type=\u00a0\u00bbfull_width\u00a0\u00bb angled_section=\u00a0\u00bbno\u00a0\u00bb text_align=\u00a0\u00bbleft\u00a0\u00bb background_image_as_pattern=\u00a0\u00bbwithout_pattern\u00a0\u00bb css=\u00a0\u00bb.vc_custom_1674324983474{background-color: #ffffff !important;}\u00a0\u00bb z_index=\u00a0\u00bb\u00a0\u00bb][vc_column][vc_empty_space height=\u00a0\u00bb50px\u00a0\u00bb][\/vc_column][\/vc_row]<\/p>\n<\/section>","protected":false},"excerpt":{"rendered":"<p>[vc_row css_animation=\u00a0\u00bb\u00a0\u00bb row_type=\u00a0\u00bbrow\u00a0\u00bb use_row_as_full_screen_section=\u00a0\u00bbno\u00a0\u00bb type=\u00a0\u00bbfull_width\u00a0\u00bb angled_section=\u00a0\u00bbno\u00a0\u00bb text_align=\u00a0\u00bbleft\u00a0\u00bb background_image_as_pattern=\u00a0\u00bbwithout_pattern\u00a0\u00bb][vc_column][vc_single_image image=\u00a0\u00bb6832&Prime; img_size=\u00a0\u00bbfull\u00a0\u00bb qode_css_animation=\u00a0\u00bb\u00a0\u00bb][\/vc_column][\/vc_row][vc_row css_animation=\u00a0\u00bb\u00a0\u00bb row_type=\u00a0\u00bbrow\u00a0\u00bb use_row_as_full_screen_section=\u00a0\u00bbno\u00a0\u00bb type=\u00a0\u00bbgrid\u00a0\u00bb angled_section=\u00a0\u00bbno\u00a0\u00bb text_align=\u00a0\u00bbleft\u00a0\u00bb background_image_as_pattern=\u00a0\u00bbwithout_pattern\u00a0\u00bb css=\u00a0\u00bb.vc_custom_1678822078787{background-color: #ffffff !important;}\u00a0\u00bb z_index=\u00a0\u00bb\u00a0\u00bb][vc_column][vc_empty_space height=\u00a0\u00bb50px\u00a0\u00bb][vc_column_text]Pure Swiss Aesthetics Ltd est le distributeur officiel et exclusif au Royaume-Uni, en Irlande et en Suisse du BYONIK\u00ae Pulse Triggered Laser et&#8230;<\/p>\n","protected":false},"author":1,"featured_media":0,"parent":0,"menu_order":0,"comment_status":"closed","ping_status":"closed","template":"full_width.php","meta":{"footnotes":""},"class_list":["post-7411","page","type-page","status-publish","hentry"],"yoast_head":"<!-- This site is optimized with the Yoast SEO plugin v27.2 - https:\/\/yoast.com\/product\/yoast-seo-wordpress\/ -->\n<title>Home - Pure Swiss Aesthetics<\/title>\n<meta name=\"robots\" content=\"index, follow, max-snippet:-1, max-image-preview:large, max-video-preview:-1\" \/>\n<link rel=\"canonical\" href=\"https:\/\/pureswissaesthetics.com\/fr\/\" \/>\n<meta property=\"og:locale\" content=\"fr_FR\" \/>\n<meta property=\"og:type\" content=\"article\" \/>\n<meta property=\"og:title\" content=\"Home - Pure Swiss Aesthetics\" \/>\n<meta property=\"og:description\" content=\"[vc_row css_animation=\u00a0\u00bb\u00a0\u00bb row_type=\u00a0\u00bbrow\u00a0\u00bb use_row_as_full_screen_section=\u00a0\u00bbno\u00a0\u00bb type=\u00a0\u00bbfull_width\u00a0\u00bb angled_section=\u00a0\u00bbno\u00a0\u00bb text_align=\u00a0\u00bbleft\u00a0\u00bb background_image_as_pattern=\u00a0\u00bbwithout_pattern\u00a0\u00bb][vc_column][vc_single_image image=\u00a0\u00bb6832&Prime; img_size=\u00a0\u00bbfull\u00a0\u00bb qode_css_animation=\u00a0\u00bb\u00a0\u00bb][\/vc_column][\/vc_row][vc_row css_animation=\u00a0\u00bb\u00a0\u00bb row_type=\u00a0\u00bbrow\u00a0\u00bb use_row_as_full_screen_section=\u00a0\u00bbno\u00a0\u00bb type=\u00a0\u00bbgrid\u00a0\u00bb angled_section=\u00a0\u00bbno\u00a0\u00bb text_align=\u00a0\u00bbleft\u00a0\u00bb background_image_as_pattern=\u00a0\u00bbwithout_pattern\u00a0\u00bb css=\u00a0\u00bb.vc_custom_1678822078787{background-color: #ffffff !important;}\u00a0\u00bb z_index=\u00a0\u00bb\u00a0\u00bb][vc_column][vc_empty_space height=\u00a0\u00bb50px\u00a0\u00bb][vc_column_text]Pure Swiss Aesthetics Ltd est le distributeur officiel et exclusif au Royaume-Uni, en Irlande et en Suisse du BYONIK\u00ae Pulse Triggered Laser et...\" \/>\n<meta property=\"og:url\" content=\"https:\/\/pureswissaesthetics.com\/fr\/\" \/>\n<meta property=\"og:site_name\" content=\"Pure Swiss Aesthetics\" \/>\n<meta property=\"article:modified_time\" content=\"2025-09-30T15:12:21+00:00\" \/>\n<meta name=\"twitter:card\" content=\"summary_large_image\" \/>\n<meta name=\"twitter:label1\" content=\"Dur\u00e9e de lecture estim\u00e9e\" \/>\n\t<meta name=\"twitter:data1\" content=\"5 minutes\" \/>\n<script type=\"application\/ld+json\" class=\"yoast-schema-graph\">{\"@context\":\"https:\/\/schema.org\",\"@graph\":[{\"@type\":\"WebPage\",\"@id\":\"https:\/\/pureswissaesthetics.com\/fr\/\",\"url\":\"https:\/\/pureswissaesthetics.com\/fr\/\",\"name\":\"Home - Pure Swiss Aesthetics\",\"isPartOf\":{\"@id\":\"https:\/\/pureswissaesthetics.com\/#website\"},\"datePublished\":\"2023-01-20T15:51:03+00:00\",\"dateModified\":\"2025-09-30T15:12:21+00:00\",\"breadcrumb\":{\"@id\":\"https:\/\/pureswissaesthetics.com\/fr\/#breadcrumb\"},\"inLanguage\":\"fr-FR\",\"potentialAction\":[{\"@type\":\"ReadAction\",\"target\":[\"https:\/\/pureswissaesthetics.com\/fr\/\"]}]},{\"@type\":\"BreadcrumbList\",\"@id\":\"https:\/\/pureswissaesthetics.com\/fr\/#breadcrumb\",\"itemListElement\":[{\"@type\":\"ListItem\",\"position\":1,\"name\":\"Home\",\"item\":\"https:\/\/pureswissaesthetics.com\/fr\/\"},{\"@type\":\"ListItem\",\"position\":2,\"name\":\"Home\"}]},{\"@type\":\"WebSite\",\"@id\":\"https:\/\/pureswissaesthetics.com\/#website\",\"url\":\"https:\/\/pureswissaesthetics.com\/\",\"name\":\"Pure Swiss Aesthetics\",\"description\":\"\",\"potentialAction\":[{\"@type\":\"SearchAction\",\"target\":{\"@type\":\"EntryPoint\",\"urlTemplate\":\"https:\/\/pureswissaesthetics.com\/?s={search_term_string}\"},\"query-input\":{\"@type\":\"PropertyValueSpecification\",\"valueRequired\":true,\"valueName\":\"search_term_string\"}}],\"inLanguage\":\"fr-FR\"}]}<\/script>\n<!-- \/ Yoast SEO plugin. -->","yoast_head_json":{"title":"Home - Pure Swiss Aesthetics","robots":{"index":"index","follow":"follow","max-snippet":"max-snippet:-1","max-image-preview":"max-image-preview:large","max-video-preview":"max-video-preview:-1"},"canonical":"https:\/\/pureswissaesthetics.com\/fr\/","og_locale":"fr_FR","og_type":"article","og_title":"Home - Pure Swiss Aesthetics","og_description":"[vc_row css_animation=\u00a0\u00bb\u00a0\u00bb row_type=\u00a0\u00bbrow\u00a0\u00bb use_row_as_full_screen_section=\u00a0\u00bbno\u00a0\u00bb type=\u00a0\u00bbfull_width\u00a0\u00bb angled_section=\u00a0\u00bbno\u00a0\u00bb text_align=\u00a0\u00bbleft\u00a0\u00bb background_image_as_pattern=\u00a0\u00bbwithout_pattern\u00a0\u00bb][vc_column][vc_single_image image=\u00a0\u00bb6832&Prime; img_size=\u00a0\u00bbfull\u00a0\u00bb qode_css_animation=\u00a0\u00bb\u00a0\u00bb][\/vc_column][\/vc_row][vc_row css_animation=\u00a0\u00bb\u00a0\u00bb row_type=\u00a0\u00bbrow\u00a0\u00bb use_row_as_full_screen_section=\u00a0\u00bbno\u00a0\u00bb type=\u00a0\u00bbgrid\u00a0\u00bb angled_section=\u00a0\u00bbno\u00a0\u00bb text_align=\u00a0\u00bbleft\u00a0\u00bb background_image_as_pattern=\u00a0\u00bbwithout_pattern\u00a0\u00bb css=\u00a0\u00bb.vc_custom_1678822078787{background-color: #ffffff !important;}\u00a0\u00bb z_index=\u00a0\u00bb\u00a0\u00bb][vc_column][vc_empty_space height=\u00a0\u00bb50px\u00a0\u00bb][vc_column_text]Pure Swiss Aesthetics Ltd est le distributeur officiel et exclusif au Royaume-Uni, en Irlande et en Suisse du BYONIK\u00ae Pulse Triggered Laser et...","og_url":"https:\/\/pureswissaesthetics.com\/fr\/","og_site_name":"Pure Swiss Aesthetics","article_modified_time":"2025-09-30T15:12:21+00:00","twitter_card":"summary_large_image","twitter_misc":{"Dur\u00e9e de lecture estim\u00e9e":"5 minutes"},"schema":{"@context":"https:\/\/schema.org","@graph":[{"@type":"WebPage","@id":"https:\/\/pureswissaesthetics.com\/fr\/","url":"https:\/\/pureswissaesthetics.com\/fr\/","name":"Home - Pure Swiss Aesthetics","isPartOf":{"@id":"https:\/\/pureswissaesthetics.com\/#website"},"datePublished":"2023-01-20T15:51:03+00:00","dateModified":"2025-09-30T15:12:21+00:00","breadcrumb":{"@id":"https:\/\/pureswissaesthetics.com\/fr\/#breadcrumb"},"inLanguage":"fr-FR","potentialAction":[{"@type":"ReadAction","target":["https:\/\/pureswissaesthetics.com\/fr\/"]}]},{"@type":"BreadcrumbList","@id":"https:\/\/pureswissaesthetics.com\/fr\/#breadcrumb","itemListElement":[{"@type":"ListItem","position":1,"name":"Home","item":"https:\/\/pureswissaesthetics.com\/fr\/"},{"@type":"ListItem","position":2,"name":"Home"}]},{"@type":"WebSite","@id":"https:\/\/pureswissaesthetics.com\/#website","url":"https:\/\/pureswissaesthetics.com\/","name":"Pure Swiss Aesthetics","description":"","potentialAction":[{"@type":"SearchAction","target":{"@type":"EntryPoint","urlTemplate":"https:\/\/pureswissaesthetics.com\/?s={search_term_string}"},"query-input":{"@type":"PropertyValueSpecification","valueRequired":true,"valueName":"search_term_string"}}],"inLanguage":"fr-FR"}]}},"_links":{"self":[{"href":"https:\/\/pureswissaesthetics.com\/fr\/wp-json\/wp\/v2\/pages\/7411","targetHints":{"allow":["GET"]}}],"collection":[{"href":"https:\/\/pureswissaesthetics.com\/fr\/wp-json\/wp\/v2\/pages"}],"about":[{"href":"https:\/\/pureswissaesthetics.com\/fr\/wp-json\/wp\/v2\/types\/page"}],"author":[{"embeddable":true,"href":"https:\/\/pureswissaesthetics.com\/fr\/wp-json\/wp\/v2\/users\/1"}],"replies":[{"embeddable":true,"href":"https:\/\/pureswissaesthetics.com\/fr\/wp-json\/wp\/v2\/comments?post=7411"}],"version-history":[{"count":20,"href":"https:\/\/pureswissaesthetics.com\/fr\/wp-json\/wp\/v2\/pages\/7411\/revisions"}],"predecessor-version":[{"id":9651,"href":"https:\/\/pureswissaesthetics.com\/fr\/wp-json\/wp\/v2\/pages\/7411\/revisions\/9651"}],"wp:attachment":[{"href":"https:\/\/pureswissaesthetics.com\/fr\/wp-json\/wp\/v2\/media?parent=7411"}],"curies":[{"name":"wp","href":"https:\/\/api.w.org\/{rel}","templated":true}]}}